{"id":3063,"date":"2021-10-11T13:24:53","date_gmt":"2021-10-11T13:24:53","guid":{"rendered":"https:\/\/smuk.nl\/datenschutzbestimmungen\/"},"modified":"2023-12-09T14:54:33","modified_gmt":"2023-12-09T14:54:33","slug":"datenschutzbestimmungen","status":"publish","type":"page","link":"https:\/\/smuk.nl\/de\/datenschutzbestimmungen\/","title":{"rendered":"Datenschutzbestimmungen"},"content":{"rendered":"<p>[et_pb_section fb_built=&#8221;1&#8243; admin_label=&#8221;section&#8221; _builder_version=&#8221;4.16&#8243; background_color=&#8221;RGBA(210,206,194,0.5)&#8221; global_colors_info=&#8221;{}&#8221;][et_pb_row admin_label=&#8221;Zeile&#8221; _builder_version=&#8221;4.16&#8243; background_size=&#8221;initial&#8221; background_position=&#8221;top_left&#8221; background_repeat=&#8221;repeat&#8221; global_colors_info=&#8221;{}&#8221;][et_pb_column type=&#8221;4_4&#8243; _builder_version=&#8221;4.16&#8243; custom_padding=&#8221;|||&#8221; global_colors_info=&#8221;{}&#8221; custom_padding__hover=&#8221;|||&#8221;][et_pb_tabs active_tab_background_color=&#8221;#ABA499&#8243; inactive_tab_background_color=&#8221;RGBA(0,0,0,0)&#8221; active_tab_text_color=&#8221;#FFFFFF&#8221; _builder_version=&#8221;4.23.1&#8243; _module_preset=&#8221;default&#8221; tab_text_color=&#8221;#ABA499&#8243; tab_font=&#8221;Orator|300|||||||&#8221; tab_font_size=&#8221;20px&#8221; background_color=&#8221;RGBA(0,0,0,0)&#8221; hover_enabled=&#8221;0&#8243; global_colors_info=&#8221;{}&#8221; sticky_enabled=&#8221;0&#8243;][et_pb_tab title=&#8221;Allgemeine Bedingungen und Konditionen&#8221; _builder_version=&#8221;4.23.1&#8243; _module_preset=&#8221;default&#8221; hover_enabled=&#8221;0&#8243; global_colors_info=&#8221;{}&#8221; sticky_enabled=&#8221;0&#8243;]<\/p>\n<p><b>Allgemeine Bedingungen und Konditionen<\/b><\/p>\n<ol>\n<li> <b> Buchungen<\/b><span style=\"font-weight: 400;\"><br \/>\n  <br \/>\n<\/span><span style=\"font-weight: 400;\">Sm\u00fbk B.V. akzeptiert nur Buchungen von Personen, die mindestens 18 Jahre alt sind.<\/span><span style=\"font-weight: 400;\"><br \/>\n  <br \/>\n<\/span><span style=\"font-weight: 400;\">Wir behalten uns das Recht vor, eine Buchung jederzeit &#8211; ohne Angabe von Gr\u00fcnden &#8211; abzulehnen.<\/span><\/li>\n<li> <b> Buchungen f\u00fcr Gruppen<\/b><span style=\"font-weight: 400;\"><br \/>\n  <br \/>\n<\/span><span style=\"font-weight: 400;\">F\u00fcr die Begleitung einer Gruppe k\u00f6nnen u.a. besondere Bedingungen gelten,<\/span><span style=\"font-weight: 400;\"><br \/>\n  <br \/>\n<\/span><span style=\"font-weight: 400;\">Zweck und Gr\u00f6\u00dfe der Gruppe k\u00f6nnen in bestimmten F\u00e4llen dazu f\u00fchren, dass eine Gruppe nicht akzeptiert wird.<\/span><\/li>\n<li><b>  Zahlungsbedingungen<\/b><span style=\"font-weight: 400;\"><br \/><\/span><span style=\"font-weight: 400;\">Bei der Buchung erheben wir eine Anzahlung von 30%.<\/span><span style=\"font-weight: 400;\"><br \/><\/span><span style=\"font-weight: 400;\">Die Anzahlung muss innerhalb von 24 Stunden geleistet werden, danach ist die Buchung endg\u00fcltig.<\/span><span style=\"font-weight: 400;\"><br \/><\/span><span style=\"font-weight: 400;\">Aus einer Buchung, die nicht innerhalb dieser 24 Stunden bezahlt wird, k\u00f6nnen keine Rechte abgeleitet werden.<\/span><span style=\"font-weight: 400;\"><br \/><\/span>Wenn <b>Sie eine Reservierung bei einem Dritten vorgenommen haben, setzen Sie sich bitte direkt mit diesem in Verbindung, um die Bedingungen und die Abwicklung zu kl\u00e4ren.<\/b>6 Wochen vor der Ankunft ist der Restbetrag der Buchung f\u00e4llig.\n<p>Bei versp\u00e4teter oder unvollst\u00e4ndiger Zahlung von Rechnungsbetr\u00e4gen schicken wir eine Zahlungserinnerung.<\/p>\n<p>Wenn der Betrag nicht innerhalb von 7 Tagen nach Versand der Zahlungserinnerung bei uns eingegangen ist, senden wir eine (letzte) Zahlungserinnerung (Mahnung).<\/p>\n<p>Wenn der Betrag nicht innerhalb von 7 Tagen nach Versand der letzten Zahlungsaufforderung bei uns eingegangen ist, l\u00f6sen wir den Vertrag einseitig auf und benachrichtigen den Gast entsprechend. Zu diesem Zeitpunkt wird eine Stornogeb\u00fchr von 30 % des gesamten Reisepreises (in H\u00f6he der Anzahlung) einbehalten, damit uns durch die stornierte Buchung so wenig Schaden wie m\u00f6glich entsteht.<\/p>\n<p><b>Wenn Sie eine Reservierung bei einem Dritten vorgenommen haben, wenden Sie sich bitte direkt an diesen, um die Bedingungen und die Abwicklung zu erfahren.<\/b><\/p>\n<\/li>\n<\/ol>\n<p><span style=\"font-weight: 400;\"><\/span><\/p>\n<ol start=\"4\">\n<li><b>  Annullierungspolitik<\/b><span style=\"font-weight: 400;\"><br \/><\/span><span style=\"font-weight: 400;\">Eine Stornierung wird nur per E-Mail bearbeitet.<\/span><span style=\"font-weight: 400;\"><br \/><\/span><span style=\"font-weight: 400;\">&#8211; Wenn Sie innerhalb von 24 Stunden nach der Buchung stornieren, haben Sie Anspruch auf eine vollst\u00e4ndige Erstattung des Buchungsbetrags.<\/span><span style=\"font-weight: 400;\"><br \/><\/span><span style=\"font-weight: 400;\">&#8211; Bei einer Stornierung bis zum 42. Tag vor Beginn des Aufenthalts betr\u00e4gt die Stornogeb\u00fchr 30% des Reisepreises.<\/span><span style=\"font-weight: 400;\"><br \/><\/span><span style=\"font-weight: 400;\">&#8211; Bei einer Stornierung ab dem 42. Tag bis zum 28. Tag vor Beginn des Aufenthalts betr\u00e4gt die Stornogeb\u00fchr 60 % des Reisepreises.<\/span><span style=\"font-weight: 400;\"><br \/><\/span><span style=\"font-weight: 400;\">&#8211; Bei Stornierung vom 28. Tag bis zum 8.<\/span><span style=\"font-weight: 400;\">e<\/span><span style=\"font-weight: 400;\"> Tag vor Beginn des Aufenthalts betragen die Stornierungskosten 75 % des Reisepreises.<\/span><span style=\"font-weight: 400;\"><br \/><\/span><span style=\"font-weight: 400;\">&#8211; Bei einer Stornierung innerhalb von 7 Tagen vor dem Anreisetag oder sp\u00e4ter betr\u00e4gt die Stornogeb\u00fchr 100% des Reisepreises.<\/span><span style=\"font-weight: 400;\"><br \/><\/span><span style=\"font-weight: 400;\">F\u00fcr die Stornierungsbedingungen gilt der in der Buchungsbest\u00e4tigung angegebene Anreisetag.<\/span><span style=\"font-weight: 400;\"><br \/><\/span><b>Wenn Sie eine Reservierung bei einem Dritten vorgenommen haben, wenden Sie sich bitte direkt an diesen, um die Bedingungen und die Abwicklung zu erfahren.<\/b><\/li>\n<\/ol>\n<p><b>Im Falle einer Covid-19-Infektion in der Reisegruppe:<\/b><b><br \/><\/b><span style=\"font-weight: 400;\">Bitte kontaktieren Sie uns bez\u00fcglich Ihrer Buchung vor Ihrer Ankunft.<\/span><span style=\"font-weight: 400;\"><br \/><\/span><span style=\"font-weight: 400;\">Im Falle einer Erkrankung in der Reisegruppe k\u00f6nnen Sie Ihre Buchung auf ein sp\u00e4teres Datum umbuchen, und zwar maximal 18 Monate nach dem urspr\u00fcnglichen Anreisedatum.<br \/><\/span><b><br \/><\/b><b>Falls Sie auf einen teureren oder g\u00fcnstigeren Zeitraum umbuchen m\u00f6chten, wird die Preisdifferenz berechnet und der Aufenthalt neu berechnet.<\/b><b><br \/><\/b><b>Als Nachweis f\u00fcr die Inanspruchnahme dieser zus\u00e4tzlichen Bedingung ist ein amtlicher positiver PCR-Test erforderlich.<\/b><\/p>\n<ol start=\"5\">\n<li><b> Haftung<\/b><b><br \/><\/b><span style=\"font-weight: 400;\">Die Nutzung der Unterk\u00fcnfte und Einrichtungen von Sm\u00fbk B.V. erfolgt ausschlie\u00dflich auf Risiko des Mieters und der Nutzer.<\/span><span style=\"font-weight: 400;\"><br \/><\/span><span style=\"font-weight: 400;\">Wir \u00fcbernehmen keine Haftung f\u00fcr:<\/span><span style=\"font-weight: 400;\"><br \/><\/span><span style=\"font-weight: 400;\">&#8211; Diebstahl, Verlust oder Besch\u00e4digung jeglicher Art w\u00e4hrend oder als Folge des Aufenthalts auf unserem Bauernhof;<\/span><span style=\"font-weight: 400;\"><br \/><\/span><span style=\"font-weight: 400;\">&#8211; die Abschaltung oder Unbrauchbarmachung von technischen Einrichtungen, der Ausfall oder die Schlie\u00dfung von Anlagen oder die St\u00f6rung von Versorgungseinrichtungen<\/span><span style=\"font-weight: 400;\"><br \/><\/span><span style=\"font-weight: 400;\">&#8211; in Bezug auf Covid-19, insbesondere tr\u00e4gt jeder seine eigene Verantwortung daf\u00fcr, und alle Folgen, die Covid-19 haben kann, liegen in seiner eigenen Verantwortung.<\/span><\/li>\n<\/ol>\n<p><span style=\"font-weight: 400;\">Der Mieter und die ihn begleitenden Personen haften gesamtschuldnerisch f\u00fcr alle Verluste und\/oder Sch\u00e4den, die als direkte oder indirekte Folge ihres Aufenthalts entstehen, unabh\u00e4ngig davon, ob diese durch Handlungen oder Unterlassungen ihrerseits oder seitens Dritter verursacht wurden, einschlie\u00dflich aller Sch\u00e4den, die durch Tiere und\/oder Gegenst\u00e4nde in ihrem Besitz verursacht wurden.<\/span><\/p>\n<p><span style=\"font-weight: 400;\">Bei unsachgem\u00e4\u00dfer Nutzung oder unsachgem\u00e4\u00dfem Verlassen der Unterkunft k\u00f6nnen zus\u00e4tzliche (Reinigungs-)Kosten erhoben werden, siehe auch Hausordnung.<\/span><\/p>\n<h2><\/h2>\n<ol start=\"6\">\n<li><b>  Hausordnung Sm\u00fbk Rekreation<\/b><\/li>\n<\/ol>\n<h2><\/h2>\n<ul>\n<li style=\"font-weight: 400;\" aria-level=\"1\"><span style=\"font-weight: 400;\">Ankunftszeit 15.30 Uhr und Abfahrtszeit 10.30 Uhr<\/span><\/li>\n<li style=\"font-weight: 400;\" aria-level=\"1\"><span style=\"font-weight: 400;\">Ankunftszeit mit eigener Campingausr\u00fcstung 14:00 Uhr und Abfahrtszeit 11:00 Uhr<\/span><\/li>\n<li style=\"font-weight: 400;\" aria-level=\"1\"><span style=\"font-weight: 400;\">Parken von Autos auf dem Parkplatz<\/span><\/li>\n<li style=\"font-weight: 400;\" aria-level=\"1\"><span style=\"font-weight: 400;\">Das Rauchen ist in allen Unterk\u00fcnften und Innenbereichen verboten.<\/span><\/li>\n<li style=\"font-weight: 400;\" aria-level=\"1\"><span style=\"font-weight: 400;\">Es ist nicht erlaubt, Bet\u00e4ubungsmittel zu besitzen und\/oder zu konsumieren<\/span><\/li>\n<li style=\"font-weight: 400;\" aria-level=\"1\"><span style=\"font-weight: 400;\">Es besteht Aufsichtspflicht f\u00fcr Kinder &lt; 12 Jahre alt<\/span><\/li>\n<li style=\"font-weight: 400;\" aria-level=\"1\"><span style=\"font-weight: 400;\">Die Ruhezeiten liegen zwischen 22.00 und 7.00 Uhr.<\/span><\/li>\n<li style=\"font-weight: 400;\" aria-level=\"1\"><span style=\"font-weight: 400;\">Auf dem Bauernhof sind keine Tonanlagen erlaubt, auch nicht au\u00dferhalb der Ruhezeiten.<\/span><\/li>\n<li style=\"font-weight: 400;\" aria-level=\"1\"><span style=\"font-weight: 400;\">Besuche sind erlaubt, bei mehr als 2 Besuchern nur nach Absprache<\/span><\/li>\n<li style=\"font-weight: 400;\" aria-level=\"1\"><span style=\"font-weight: 400;\">Partys oder Geburtstage zum Beispiel sind wegen m\u00f6glicher Unannehmlichkeiten f\u00fcr unsere anderen G\u00e4ste nur nach R\u00fccksprache m\u00f6glich.<\/span><\/li>\n<\/ul>\n<h2><\/h2>\n<p><b>Bei der Abreise erwarten wir, dass Sie alles ordentlich und sauber hinterlassen:<\/b><\/p>\n<ul>\n<li style=\"font-weight: 400;\" aria-level=\"1\"><span style=\"font-weight: 400;\">Sammeln Sie die Bettw\u00e4sche (+ Handt\u00fccher und K\u00fcchenw\u00e4sche) und geben Sie sie in den daf\u00fcr vorgesehenen W\u00e4schesack.<\/span><\/li>\n<li style=\"font-weight: 400;\" aria-level=\"1\"><span style=\"font-weight: 400;\">K\u00fchlschrank leeren  <\/span><\/li>\n<li style=\"font-weight: 400;\" aria-level=\"1\"><span style=\"font-weight: 400;\">Das Geschirr reinigen und abtrocknen<\/span><\/li>\n<li style=\"font-weight: 400;\" aria-level=\"1\"><span style=\"font-weight: 400;\">M\u00fcll (getrennt) zur M\u00fclldeponie bringen<\/span><\/li>\n<li style=\"font-weight: 400;\" aria-level=\"1\"><span style=\"font-weight: 400;\">Den Boden kehren<\/span><\/li>\n<\/ul>\n<p><span style=\"font-weight: 400;\">Bringen Sie alles, was nicht in der Unterkunft war, in den Laden, die Kaffeeecke oder die Au\u00dfenk\u00fcche zur\u00fcck.  <\/span><\/p>\n<p><span style=\"font-weight: 400;\">Ein Versto\u00df gegen die Hausordnung und die Nichtbefolgung der Anweisungen der Mitarbeiter des Sm\u00fbk kann dazu f\u00fchren, dass wir den Zugang zu den R\u00e4umlichkeiten ohne die M\u00f6glichkeit einer R\u00fcckerstattung verweigern.<\/span><\/p>\n<ol start=\"6\">\n<li> <b> Reklamationen<\/b><span style=\"font-weight: 400;\"><br \/>\n  <br \/>\n<\/span><span style=\"font-weight: 400;\">Trotz aller Sorgfalt unserer Mitarbeiter kann es vorkommen, dass Sie eine berechtigte Beschwerde haben.<\/span><span style=\"font-weight: 400;\"><br \/>\n  <br \/>\n<\/span><span style=\"font-weight: 400;\">Sie sollten diese Beschwerde vor Ort \u00e4u\u00dfern, damit wir alles tun k\u00f6nnen, um sie zu l\u00f6sen.<\/span><\/li>\n<\/ol>\n<h2><\/h2>\n<p>[\/et_pb_tab][et_pb_tab title=&#8221;Erkl\u00e4rung zum Datenschutz&#8221; _builder_version=&#8221;4.23.1&#8243; _module_preset=&#8221;default&#8221; hover_enabled=&#8221;0&#8243; global_colors_info=&#8221;{}&#8221; sticky_enabled=&#8221;0&#8243;]<\/p>\n<h2>Erkl\u00e4rung zum Datenschutz<\/h2>\n<p><span style=\"font-weight: 400;\">Die Privatsph\u00e4re unserer G\u00e4ste ist uns sehr wichtig. Daher behandeln wir Ihre pers\u00f6nlichen Daten mit gro\u00dfer Sorgfalt und in \u00dcbereinstimmung mit der Allgemeinen Datenschutzverordnung (GDPR). In dieser Datenschutzerkl\u00e4rung erl\u00e4utern wir, welche Daten wir verarbeiten und wie wir mit ihnen umgehen.<\/span><\/p>\n<p><b>Kontaktinformationen:<\/b><span style=\"font-weight: 400;\"><br \/>\n  <br \/>\n<\/span><span style=\"font-weight: 400;\">Sm\u00fbk B.V.<\/span><span style=\"font-weight: 400;\"><br \/>\n  <br \/>\n<\/span><span style=\"font-weight: 400;\">Krompad 11, 8539 RN Echtenerbrug<\/span><span style=\"font-weight: 400;\"><br \/>\n  <br \/>\n<\/span><span style=\"font-weight: 400;\">+31(0) 0623454757<\/span><span style=\"font-weight: 400;\"><br \/>\n  <br \/>\n<\/span><span style=\"font-weight: 400;\">G. Diever und S.C. Diever-de Haan sind die Eigent\u00fcmer von Sm\u00fbk B.V. und k\u00f6nnen unter info@smuk.nl oder unter der oben genannten Telefonnummer erreicht werden.<\/span><\/p>\n<p><b>Pers\u00f6nliche Daten, die wir verarbeiten<\/b><span style=\"font-weight: 400;\"><br \/>\n  <br \/>\n<\/span><span style=\"font-weight: 400;\">Sm\u00fbk B.V. verarbeitet Ihre personenbezogenen Daten, weil Sie unsere Dienste nutzen und\/oder weil Sie uns diese Daten selbst zur Verf\u00fcgung stellen.<\/span><\/p>\n<p><span style=\"font-weight: 400;\">Nachstehend finden Sie einen \u00dcberblick \u00fcber die von uns verarbeiteten personenbezogenen Daten:<\/span><span style=\"font-weight: 400;\"><br \/><\/span><span style=\"font-weight: 400;\">&#8211; Vorname und Nachname<\/span><span style=\"font-weight: 400;\"><br \/><\/span><span style=\"font-weight: 400;\">&#8211; Angaben zur Adresse<\/span><span style=\"font-weight: 400;\"><br \/><\/span><span style=\"font-weight: 400;\">&#8211; Rufnummer<\/span><span style=\"font-weight: 400;\"><br \/><\/span><span style=\"font-weight: 400;\">&#8211; E-Mail Adresse<\/span><span style=\"font-weight: 400;\"><br \/><\/span><span style=\"font-weight: 400;\">&#8211; Sonstige personenbezogene Daten, die Sie uns aktiv zur Verf\u00fcgung stellen, z. B. durch die Erstellung eines Profils auf dieser Website, im Schriftverkehr und per Telefon<\/span><span style=\"font-weight: 400;\"><br \/><\/span><span style=\"font-weight: 400;\">&#8211; Daten \u00fcber Ihre Aktivit\u00e4ten auf unserer Website<\/span><\/p>\n<p><b>Besondere und\/oder sensible personenbezogene Daten, die wir verarbeiten:<\/b><span style=\"font-weight: 400;\"><br \/><\/span><span style=\"font-weight: 400;\">Unsere Website bzw. unser Dienst beabsichtigt nicht, Daten von Website-Besuchern zu sammeln, die unter 16 Jahre alt sind. Es sei denn, sie haben die Erlaubnis ihrer Eltern oder Erziehungsberechtigten. Wir k\u00f6nnen jedoch nicht \u00fcberpr\u00fcfen, ob ein Besucher \u00fcber 16 Jahre alt ist. Wir raten daher den Eltern, sich an den Online-Aktivit\u00e4ten ihrer Kinder zu beteiligen, um zu vermeiden, dass Daten \u00fcber Kinder ohne die Zustimmung der Eltern gesammelt werden. Wenn Sie davon \u00fcberzeugt sind, dass wir personenbezogene Daten \u00fcber einen Minderj\u00e4hrigen ohne eine solche Zustimmung gesammelt haben, wenden Sie sich bitte an info@smuk.nl, und wir werden diese Informationen l\u00f6schen.<\/span><\/p>\n<p><b>Sm\u00fbk B.V. verarbeitet Ihre personenbezogenen Daten f\u00fcr die folgenden Zwecke:<\/b><span style=\"font-weight: 400;\"><br \/><\/span><span style=\"font-weight: 400;\">&#8211; Abwicklung Ihrer Zahlung<\/span><span style=\"font-weight: 400;\"><br \/><\/span><span style=\"font-weight: 400;\">&#8211; Versenden unseres Newsletters<\/span><span style=\"font-weight: 400;\"><br \/><\/span><span style=\"font-weight: 400;\">&#8211; Sie anzurufen oder per E-Mail zu kontaktieren, wenn dies zur Erbringung unserer Dienstleistungen erforderlich ist<\/span><span style=\"font-weight: 400;\"><br \/><\/span><span style=\"font-weight: 400;\">&#8211; Information \u00fcber \u00c4nderungen an unseren Dienstleistungen und Produkten<\/span><span style=\"font-weight: 400;\"><br \/><\/span><span style=\"font-weight: 400;\">&#8211; Erm\u00f6glicht die Erstellung eines Kontos<\/span><span style=\"font-weight: 400;\"><br \/><\/span><span style=\"font-weight: 400;\">&#8211; Sm\u00fbk<\/span> <span style=\"font-weight: 400;\">B.V.<\/span><span style=\"font-weight: 400;\">.<\/span><span style=\"font-weight: 400;\"> Sm\u00fbk B.V. verarbeitet auch personenbezogene Daten, wenn wir gesetzlich dazu verpflichtet sind, wie z. B. Daten, die wir f\u00fcr unsere Steuererkl\u00e4rung ben\u00f6tigen.<\/span><\/p>\n<p><b>Automatisierte Entscheidungsfindung:<\/b><span style=\"font-weight: 400;\"><br \/><\/span><span style=\"font-weight: 400;\">Sm\u00fbk B.V. trifft keine Entscheidungen \u00fcber Angelegenheiten, die den Einzelnen (erheblich) beeintr\u00e4chtigen k\u00f6nnten, auf der Grundlage einer automatisierten Verarbeitung. Dabei handelt es sich um Entscheidungen, die von Computerprogrammen oder -systemen getroffen werden, ohne dass ein Mensch (z. B. ein Mitarbeiter von Sm\u00fbk B.V.) daran beteiligt ist.<\/span><\/p>\n<p><b>Wie lange wir personenbezogene Daten aufbewahren<\/b><span style=\"font-weight: 400;\"><br \/>\n  <br \/>\n<\/span><span style=\"font-weight: 400;\">Sm\u00fbk B.V. bewahrt Ihre personenbezogenen Daten nur so lange auf, wie es f\u00fcr die Erf\u00fcllung der Zwecke, f\u00fcr die Ihre Daten erhoben wurden, unbedingt erforderlich ist.<\/span><\/p>\n<p><b>Weitergabe personenbezogener Daten an Dritte<\/b><span style=\"font-weight: 400;\"><br \/><\/span><span style=\"font-weight: 400;\">Sm\u00fbk B.V. verkauft Ihre Daten nicht an Dritte und stellt sie nur dann zur Verf\u00fcgung, wenn dies f\u00fcr die Ausf\u00fchrung unseres Vertrags mit Ihnen oder zur Erf\u00fcllung einer gesetzlichen Verpflichtung erforderlich ist. Wir k\u00f6nnen Ihre Daten an unsere Partner weitergeben. Diese Partner sind an der Umsetzung des Abkommens beteiligt.<\/span><\/p>\n<p><b>Cookies oder \u00e4hnliche Techniken, die wir verwenden<\/b><span style=\"font-weight: 400;\"><br \/><\/span><span style=\"font-weight: 400;\">Sm\u00fbk B.V. verwendet funktionale, analytische und Tracking-Cookies. Ein Cookie ist eine kleine Textdatei, die im Browser Ihres Computers, Tablets oder Smartphones gespeichert wird, wenn Sie diese Website zum ersten Mal besuchen. Sm\u00fbk B.V. verwendet Cookies mit rein technischer Funktionalit\u00e4t. Diese sorgen daf\u00fcr, dass die Website ordnungsgem\u00e4\u00df funktioniert und dass beispielsweise Ihre Pr\u00e4ferenzen gespeichert werden. Diese Cookies werden auch verwendet, um das Funktionieren der Website zu gew\u00e4hrleisten und sie zu optimieren. Wir setzen auch Cookies, die Ihr Surfverhalten verfolgen, damit wir Ihnen ma\u00dfgeschneiderte Inhalte und Werbung anbieten k\u00f6nnen. Bei Ihrem ersten Besuch auf unserer Website haben wir Sie bereits \u00fcber diese Cookies informiert und um Ihr Einverst\u00e4ndnis gebeten, sie zu setzen. Sie k\u00f6nnen die Verwendung von Cookies ablehnen, indem Sie Ihren Internet-Browser so einstellen, dass keine Cookies mehr gespeichert werden. Dar\u00fcber hinaus k\u00f6nnen Sie \u00fcber die Einstellungen Ihres Browsers alle zuvor gespeicherten Informationen l\u00f6schen. F\u00fcr eine Erkl\u00e4rung siehe: https:\/\/veiliginternetten.nl\/themes\/situatie\/cookies-wat-zijn-het-en-wat-doe-ik-ermee<\/span><span style=\"font-weight: 400;\"><br \/><\/span><span style=\"font-weight: 400;\">Analytische Cookies \/ Tracking-Cookies<\/span><span style=\"font-weight: 400;\"><br \/><\/span><span style=\"font-weight: 400;\">Google Analytics<\/span><span style=\"font-weight: 400;\"><br \/><\/span><span style=\"font-weight: 400;\">Inserate<\/span><span style=\"font-weight: 400;\"><br \/><\/span><span style=\"font-weight: 400;\">Google AdWords<\/span><span style=\"font-weight: 400;\"><br \/><\/span><span style=\"font-weight: 400;\">Facebook-Pixel<\/span><span style=\"font-weight: 400;\"><br \/><\/span><span style=\"font-weight: 400;\">Soziale Medien<\/span><span style=\"font-weight: 400;\"><br \/><\/span><span style=\"font-weight: 400;\">Facebook<\/span><span style=\"font-weight: 400;\"><br \/><\/span><span style=\"font-weight: 400;\">LinkedIn<\/span><\/p>\n<p><b>Daten ansehen, \u00e4ndern oder l\u00f6schen<\/b><span style=\"font-weight: 400;\"><br \/><\/span><span style=\"font-weight: 400;\">Sie haben das Recht auf Zugang, Berichtigung oder L\u00f6schung Ihrer personenbezogenen Daten. Dar\u00fcber hinaus haben Sie das Recht, Ihre eventuelle Einwilligung zur Datenverarbeitung zu widerrufen oder der Verarbeitung Ihrer personenbezogenen Daten durch unser Unternehmen zu widersprechen, und Sie haben das Recht auf Daten\u00fcbertragbarkeit. Das bedeutet, dass Sie uns auffordern k\u00f6nnen, die personenbezogenen Daten, die wir \u00fcber Sie in einer Computerdatei gespeichert haben, an Sie oder eine andere von Ihnen benannte Organisation zu \u00fcbermitteln.<\/span><\/p>\n<p><span style=\"font-weight: 400;\">Wenn Sie von Ihrem Widerspruchsrecht und\/oder Ihrem Recht auf Daten\u00fcbertragbarkeit Gebrauch machen m\u00f6chten oder sonstige Fragen\/Anmerkungen zur Datenverarbeitung haben, senden Sie bitte einen detaillierten Antrag an <\/span><a href=\"mailto:info@smuk.nl\"><br \/>\n  <span style=\"font-weight: 400;\">info@smuk.nl.<\/span><br \/>\n<\/a><\/p>\n<p><span style=\"font-weight: 400;\">Um sicherzustellen, dass der Antrag auf Zugang von Ihnen stammt, bitten wir Sie, dem Antrag eine Kopie Ihres Personalausweises beizuf\u00fcgen. Schw\u00e4rzen Sie auf dieser Kopie Ihr Passfoto, die MRZ (maschinenlesbare Zone, der Zahlenstreifen am unteren Rand des Passes), die Passnummer und die B\u00fcrgerservicenummer (BSN). Dies dient dem Schutz Ihrer Privatsph\u00e4re. Sm\u00fbk B.V. wird Ihre Anfrage so schnell wie m\u00f6glich, aber in jedem Fall innerhalb von vier Wochen beantworten.<\/span><span style=\"font-weight: 400;\"><br \/><\/span><span style=\"font-weight: 400;\">Sm\u00fbk B.V. m\u00f6chte Sie auch dar\u00fcber informieren, dass Sie die M\u00f6glichkeit haben, eine Beschwerde bei der nationalen Aufsichtsbeh\u00f6rde, der Beh\u00f6rde f\u00fcr personenbezogene Daten, einzureichen. Sie k\u00f6nnen dies \u00fcber den folgenden Link tun:  <\/span><a href=\"https:\/\/autoriteitpersoonsgegevens.nl\/nl\/contact-met-de-autoriteit-persoonsgegevens\/tip-ons\" target=\"_blank\" rel=\"noopener\"><span style=\"font-weight: 400;\">https:\/\/autoriteitpersoonsgegevens.nl\/nl\/contact-met-de-autoriteit-persoonsgegevens\/tip-ons<\/span><\/a><\/p>\n<p><b>Wie wir personenbezogene Daten sch\u00fctzen<\/b><span style=\"font-weight: 400;\"><br \/><\/span><span style=\"font-weight: 400;\">Sm\u00fbk B.V. nimmt den Schutz Ihrer Daten ernst und ergreift geeignete Ma\u00dfnahmen, um Missbrauch, Verlust, unbefugtem Zugriff, unerw\u00fcnschter Offenlegung und unbefugter \u00c4nderung entgegenzuwirken. Wenn Sie das Gef\u00fchl haben, dass Ihre Daten noch immer nicht sicher sind oder es Anzeichen f\u00fcr einen Missbrauch gibt, kontaktieren Sie uns bitte unter info@smuk.nl<\/span><\/p>\n<p><b>Zusammenfassend<\/b><span style=\"font-weight: 400;\"><br \/><\/span><span style=\"font-weight: 400;\">Diese Website wurde mit gr\u00f6\u00dftm\u00f6glicher Sorgfalt zusammengestellt. Wir haften jedoch nicht f\u00fcr direkte oder indirekte Sch\u00e4den, die sich aus der Nutzung der bereitgestellten Informationen ergeben k\u00f6nnten. Aus dem Inhalt dieser Website k\u00f6nnen daher keinerlei Rechte oder Anspr\u00fcche abgeleitet werden.<\/span><span style=\"font-weight: 400;\"><br \/><\/span><span style=\"font-weight: 400;\">Die Datenschutzerkl\u00e4rung und die Cookie-Richtlinie k\u00f6nnen ge\u00e4ndert werden. Wir werden alle \u00c4nderungen auf dieser Seite anzeigen. Wir empfehlen Ihnen, diese Seite regelm\u00e4\u00dfig zu besuchen, damit Sie stets \u00fcber den Inhalt der aktuellen Datenschutzerkl\u00e4rung und unserer Cookie-Richtlinie informiert sind.<\/span><\/p>\n<p>[\/et_pb_tab][\/et_pb_tabs][\/et_pb_column][\/et_pb_row][\/et_pb_section]<\/p>\n","protected":false},"excerpt":{"rendered":"<p>Allgemeine Bedingungen und Konditionen Buchungen Sm\u00fbk B.V. akzeptiert nur Buchungen von Personen, die mindestens 18 Jahre alt sind. Wir behalten uns das Recht vor, eine Buchung jederzeit &#8211; ohne Angabe von Gr\u00fcnden &#8211; abzulehnen. Buchungen f\u00fcr Gruppen F\u00fcr die Begleitung einer Gruppe k\u00f6nnen u.a. besondere Bedingungen gelten, Zweck und Gr\u00f6\u00dfe der Gruppe k\u00f6nnen in bestimmten [&hellip;]<\/p>\n","protected":false},"author":1,"featured_media":0,"parent":0,"menu_order":0,"comment_status":"closed","ping_status":"closed","template":"","meta":{"_acf_changed":false,"_et_pb_use_builder":"on","_et_pb_old_content":"","_et_gb_content_width":"","footnotes":""},"class_list":["post-3063","page","type-page","status-publish","hentry"],"acf":[],"_links":{"self":[{"href":"https:\/\/smuk.nl\/de\/wp-json\/wp\/v2\/pages\/3063","targetHints":{"allow":["GET"]}}],"collection":[{"href":"https:\/\/smuk.nl\/de\/wp-json\/wp\/v2\/pages"}],"about":[{"href":"https:\/\/smuk.nl\/de\/wp-json\/wp\/v2\/types\/page"}],"author":[{"embeddable":true,"href":"https:\/\/smuk.nl\/de\/wp-json\/wp\/v2\/users\/1"}],"replies":[{"embeddable":true,"href":"https:\/\/smuk.nl\/de\/wp-json\/wp\/v2\/comments?post=3063"}],"version-history":[{"count":0,"href":"https:\/\/smuk.nl\/de\/wp-json\/wp\/v2\/pages\/3063\/revisions"}],"wp:attachment":[{"href":"https:\/\/smuk.nl\/de\/wp-json\/wp\/v2\/media?parent=3063"}],"curies":[{"name":"wp","href":"https:\/\/api.w.org\/{rel}","templated":true}]}}