{"id":3071,"date":"2021-10-19T14:49:05","date_gmt":"2021-10-19T14:49:05","guid":{"rendered":"https:\/\/smuk.nl\/umgebung\/"},"modified":"2025-04-19T07:58:55","modified_gmt":"2025-04-19T07:58:55","slug":"umgebung","status":"publish","type":"page","link":"https:\/\/smuk.nl\/de\/umgebung\/","title":{"rendered":"Umgebung"},"content":{"rendered":"<p>[et_pb_section fb_built=&#8221;1&#8243; _builder_version=&#8221;4.16&#8243; _module_preset=&#8221;default&#8221; background_color=&#8221;rgba(210,206,194,0.16)&#8221; background_image=&#8221;https:\/\/smuk.nl\/wp-content\/uploads\/2021\/11\/SMUK-icoontje-Bloemen-01.png&#8221; background_size=&#8221;initial&#8221; background_position=&#8221;bottom_left&#8221; custom_padding=&#8221;0px||0px||false|false&#8221; background_last_edited=&#8221;on|phone&#8221; background_enable_image_phone=&#8221;off&#8221; global_colors_info=&#8221;{}&#8221;][et_pb_row column_structure=&#8221;1_2,1_2&#8243; _builder_version=&#8221;4.16&#8243; _module_preset=&#8221;default&#8221; custom_padding=&#8221;3px||2px|||&#8221; global_colors_info=&#8221;{}&#8221;][et_pb_column type=&#8221;1_2&#8243; _builder_version=&#8221;4.16&#8243; _module_preset=&#8221;default&#8221; global_colors_info=&#8221;{}&#8221;][et_pb_text _builder_version=&#8221;4.27.4&#8243; _module_preset=&#8221;b7636b4c-c928-4893-a98f-cfa9abbf40f3&#8243; header_font=&#8221;Finland Rounded|||on|||||&#8221; header_text_color=&#8221;#000000&#8243; header_font_size=&#8221;70px&#8221; header_line_height=&#8221;1.2em&#8221; z_index=&#8221;500&#8243; width=&#8221;80%&#8221; custom_margin=&#8221;0px||||false|false&#8221; custom_margin_tablet=&#8221;&#8221; custom_margin_phone=&#8221;&#8221; custom_margin_last_edited=&#8221;on|tablet&#8221; custom_padding=&#8221;10%|0px||30px|false|false&#8221; custom_padding_tablet=&#8221;&#8221; custom_padding_phone=&#8221;&#8221; custom_padding_last_edited=&#8221;on|tablet&#8221; header_font_size_tablet=&#8221;60px&#8221; header_font_size_phone=&#8221;40px&#8221; header_font_size_last_edited=&#8221;on|phone&#8221; border_width_left=&#8221;4px&#8221; border_color_left=&#8221;#8A8E75&#8243; global_colors_info=&#8221;{%22gcid-7dd47f7c-8876-4bcb-be01-39e2a94f2875%22:%91%93}&#8221;]<\/p>\n<h1>Sm\u00fbk-Umgebung<\/h1>\n<p>[\/et_pb_text][et_pb_text _builder_version=&#8221;4.16&#8243; _module_preset=&#8221;afe8fc41-dc70-4bf1-b625-17644c79cbc3&#8243; text_font=&#8221;||||||||&#8221; text_text_color=&#8221;#000000&#8243; text_font_size=&#8221;16px&#8221; text_line_height=&#8221;2em&#8221; text_font_size_tablet=&#8221;14px&#8221; text_font_size_phone=&#8221;12px&#8221; text_font_size_last_edited=&#8221;on|phone&#8221; global_colors_info=&#8221;{}&#8221;]<\/p>\n<p>Sowohl die Natur als auch die Tiere werden auf <strong>diesem Bauernhof<\/strong> liebevoll gepflegt. <strong>Alles, vom Frosch bis zur Kuh, bekommt die Ruhe und die Blumen den Raum, um zu gedeihen.<\/strong> Naturfreundliche Ufer und saubere Gr\u00e4ben machen Sm\u00fbk zu einem sch\u00f6nen Zuhause f\u00fcr kleine und gro\u00dfe Lebewesen. <strong>Die Ufer, an denen die Boote vert\u00e4ut sind<\/strong>, sind mit einheimischen Blumen und kr\u00e4uterreichem Grasland ges\u00e4umt. Sie k\u00f6nnen also mit einer Schaluppe direkt vom Hof zum TJeukemeer fahren. <strong>M\u00f6chten Sie in der N\u00e4he etwas essen oder trinken?<\/strong> Dann spazieren Sie zur sch\u00f6nen Terrasse des Dikke T\u00fbt in der N\u00e4he der Br\u00fccke im Dorf, oder essen Sie einen Besuch im Restaurant F\u00fbke. Sie sind auch in 15 Minuten in Lemmer, wo Fem aan het Dok und Beachclub Lemmer goldene Tipps sind! Sie haben keine Lust, das Gel\u00e4nde zu verlassen?<strong> Bei Sm\u00fbk sind auch Sie willkommen!<\/strong><\/p>\n<p><strong>In Sm\u00fbk sind Sie auch mit Ihrem eigenen Zelt oder niedlichen kleinen Wohnwagen willkommen.<\/strong> Suchen Sie sich einen sch\u00f6nen Platz auf der Wiese und machen Sie es sich gem\u00fctlich. F\u00e4ngt Ihr Magen an zu blubbern? Spazieren Sie dann zum Hofladen, um<strong> frisches Gem\u00fcse oder ein Steak von der rot-wei\u00dfen Kuh<\/strong> zu kaufen. Wenn Sie Gl\u00fcck haben, hat Crista gerade ihren ber\u00fchmten Apfelkuchen zum Kaffee gebacken.<\/p>\n<p>[\/et_pb_text][\/et_pb_column][et_pb_column type=&#8221;1_2&#8243; _builder_version=&#8221;4.16&#8243; _module_preset=&#8221;default&#8221; global_colors_info=&#8221;{}&#8221;][et_pb_image src=&#8221;https:\/\/smuk.nl\/wp-content\/uploads\/2022\/09\/DSC_9037.jpg&#8221; title_text=&#8221;DSC_9037&#8243; _builder_version=&#8221;4.19.2&#8243; _module_preset=&#8221;default&#8221; z_index=&#8221;-500&#8243; custom_margin=&#8221;100px||||false|false&#8221; custom_margin_tablet=&#8221;0px||||false|false&#8221; custom_margin_phone=&#8221;&#8221; custom_margin_last_edited=&#8221;on|tablet&#8221; scroll_vertical_motion_enable=&#8221;on&#8221; scroll_vertical_motion=&#8221;0|50|50|100|1|0|-1&#8243; scroll_vertical_motion_tablet=&#8221;0|50|50|100|0|0|0&#8243; scroll_vertical_motion_phone=&#8221;&#8221; scroll_vertical_motion_last_edited=&#8221;on|tablet&#8221; global_colors_info=&#8221;{}&#8221;][\/et_pb_image][et_pb_text _builder_version=&#8221;4.23.1&#8243; _module_preset=&#8221;afe8fc41-dc70-4bf1-b625-17644c79cbc3&#8243; text_font=&#8221;||||||||&#8221; text_text_color=&#8221;#000000&#8243; text_font_size=&#8221;16px&#8221; text_line_height=&#8221;2em&#8221; text_font_size_tablet=&#8221;14px&#8221; text_font_size_phone=&#8221;12px&#8221; text_font_size_last_edited=&#8221;on|phone&#8221; global_colors_info=&#8221;{}&#8221;]<\/p>\n<p>Das Gel\u00e4nde befindet sich nicht nur inmitten von Wiesen, sondern auch am Pier Christiaansloot. Sie k\u00f6nnen also von der Farm<strong> direkt zum TJeukemeer segeln<\/strong>.<\/p>\n<p><span>Es ist schon etwas Besonderes, dass wir auf unserer Wiese die Uferschnepfe wieder haben. Dieser Kening van de Greide (K\u00f6nig der Landschaft) gedeiht am besten dort, wo die Natur im Gleichgewicht ist. Aufgrund unserer Art der Landbewirtschaftung (verz\u00f6gerter M\u00e4htermin, h\u00f6herer Wasserstand &amp; T\u00fcmpel) h\u00f6ren wir die Uferschnepfe im Fr\u00fchjahr wieder. Bringen Sie Ihr Fernglas mit und kommen Sie mit uns, um diese alten niederl\u00e4ndischen V\u00f6gel zu beobachten!   <\/span><\/p>\n<p>[\/et_pb_text][\/et_pb_column][\/et_pb_row][et_pb_row column_structure=&#8221;1_2,1_2&#8243; _builder_version=&#8221;4.16&#8243; _module_preset=&#8221;default&#8221; custom_padding=&#8221;26px|||||&#8221; global_colors_info=&#8221;{}&#8221;][et_pb_column type=&#8221;1_2&#8243; _builder_version=&#8221;4.16&#8243; _module_preset=&#8221;default&#8221; global_colors_info=&#8221;{}&#8221;][et_pb_text _builder_version=&#8221;4.27.4&#8243; _module_preset=&#8221;afe8fc41-dc70-4bf1-b625-17644c79cbc3&#8243; text_font=&#8221;||||||||&#8221; text_text_color=&#8221;#000000&#8243; text_font_size=&#8221;16px&#8221; text_line_height=&#8221;2em&#8221; hover_enabled=&#8221;0&#8243; text_font_size_tablet=&#8221;14px&#8221; text_font_size_phone=&#8221;12px&#8221; text_font_size_last_edited=&#8221;on|phone&#8221; global_colors_info=&#8221;{}&#8221; sticky_enabled=&#8221;0&#8243;]<\/p>\n<p>F\u00fcr Kinder gibt es auf dem Bauernhof <strong> Spielm\u00f6glichkeiten und jede Menge Abenteuer zu erleben<\/strong>. Vom Seilschwingen in den Heuballen bis zum Kanu, vom Ziegenkuscheln \u00fcber das Pferdekuscheln mit Friesenpferd Tjitske, bis zum Eiersammeln &#8211; es gibt immer etwas zu tun. Wenn Sie sich den Wind um die Nase wehen lassen wollen, k\u00f6nnen Sie einen sch\u00f6nen Spaziergang durch das unber\u00fchrte Gebiet der <strong>Rottigen Meente<\/strong> machen . Sie k\u00f6nnen die Gegend auch mit dem Fahrrad erkunden. M\u00f6chten Sie verw\u00f6hnt werden? Dann nehmen Sie das Auto und innerhalb von 15 Minuten sind Sie in Lemmer und k\u00f6nnen <strong>in den vielen Caf\u00e9s und Restaurantsam Wasser<\/strong> sitzen. Auch das Eis dort ist sehr lecker.<\/p>\n<p>&nbsp;<\/p>\n<p>[\/et_pb_text][et_pb_text _builder_version=&#8221;4.16&#8243; _module_preset=&#8221;afe8fc41-dc70-4bf1-b625-17644c79cbc3&#8243; text_font=&#8221;||||||||&#8221; text_text_color=&#8221;#000000&#8243; text_font_size=&#8221;16px&#8221; text_line_height=&#8221;2em&#8221; text_font_size_tablet=&#8221;14px&#8221; text_font_size_phone=&#8221;12px&#8221; text_font_size_last_edited=&#8221;on|phone&#8221; global_colors_info=&#8221;{}&#8221;]<\/p>\n<p>Wenn Sie noch Zeit haben, sollten Sie sich in das alte Friesland zur\u00fcckversetzen lassen und <strong>Hindeloopen<\/strong> besuchen. In diesem Schifferdorf am IJsselmeer werden alte Traditionen noch in vollem Umfang gewahrt, und in den engen Gassen und an den jahrhundertealten Denkm\u00e4lern erklingen Seemannslieder. <strong>Auch das Naturschutzgebiet Weerribben ist ein sch\u00f6nes Ziel f\u00fcr einen Spaziergang.<\/strong><\/p>\n<p>[\/et_pb_text][et_pb_button button_url=&#8221;@ET-DC@eyJkeW5hbWljIjp0cnVlLCJjb250ZW50IjoicG9zdF9saW5rX3VybF9wYWdlIiwic2V0dGluZ3MiOnsicG9zdF9pZCI6IjE4MiIsImVuYWJsZV9odG1sIjoib2ZmIn19@&#8221; button_text=&#8221;fragen Sie nach den M\u00f6glichkeiten&#8221; _builder_version=&#8221;4.27.4&#8243; _dynamic_attributes=&#8221;button_url&#8221; _module_preset=&#8221;b9ae5379-ad3e-4160-945a-f2ee350dc5f5&#8243; custom_button=&#8221;on&#8221; button_text_size=&#8221;14px&#8221; button_text_color=&#8221;#FFFFFF&#8221; button_bg_color=&#8221;#8A8E75&#8243; button_border_width=&#8221;0px&#8221; button_border_radius=&#8221;0px&#8221; button_letter_spacing=&#8221;2px&#8221; button_font=&#8221;|600||on|||||&#8221; button_use_icon=&#8221;off&#8221; background_layout=&#8221;dark&#8221; custom_padding=&#8221;16px|30px|16px|30px|true|true&#8221; global_colors_info=&#8221;{}&#8221;][\/et_pb_button][\/et_pb_column][et_pb_column type=&#8221;1_2&#8243; _builder_version=&#8221;4.16&#8243; _module_preset=&#8221;default&#8221; global_colors_info=&#8221;{}&#8221;][et_pb_image src=&#8221;https:\/\/smuk.nl\/wp-content\/uploads\/2023\/11\/SMUK-icoontje-Grutto-3.png&#8221; title_text=&#8221;SMUK-Symbol-Grutto-3&#8243; align=&#8221;right&#8221; align_tablet=&#8221;&#8221; align_phone=&#8221;center&#8221; align_last_edited=&#8221;on|phone&#8221; disabled_on=&#8221;on|on|off&#8221; admin_label=&#8221;Grutto&#8221; _builder_version=&#8221;4.23.1&#8243; _module_preset=&#8221;default&#8221; width=&#8221;80%&#8221; width_tablet=&#8221;&#8221; width_phone=&#8221;73%&#8221; width_last_edited=&#8221;on|phone&#8221; custom_margin=&#8221;|0px|||false|false&#8221; custom_padding=&#8221;|0px|||false|false&#8221; scroll_vertical_motion_enable=&#8221;on&#8221; scroll_vertical_motion=&#8221;15|93|93|100|4|0|-4&#8243; module_alignment_tablet=&#8221;&#8221; module_alignment_phone=&#8221;center&#8221; module_alignment_last_edited=&#8221;on|phone&#8221; sticky_position_tablet=&#8221;&#8221; sticky_position_phone=&#8221;&#8221; sticky_position_last_edited=&#8221;on|phone&#8221; scroll_vertical_motion_tablet=&#8221;&#8221; scroll_vertical_motion_phone=&#8221;&#8221; scroll_vertical_motion_last_edited=&#8221;on|phone&#8221; global_colors_info=&#8221;{}&#8221;][\/et_pb_image][\/et_pb_column][\/et_pb_row][\/et_pb_section][et_pb_section fb_built=&#8221;1&#8243; _builder_version=&#8221;4.16&#8243; _module_preset=&#8221;default&#8221; use_background_color_gradient=&#8221;on&#8221; background_color_gradient_stops=&#8221;rgba(210,206,194,0.5) 0%|rgba(255,255,255,0.48) 100%&#8221; background_color_gradient_overlays_image=&#8221;on&#8221; background_color_gradient_start=&#8221;rgba(210,206,194,0.5)&#8221; background_color_gradient_end=&#8221;rgba(255,255,255,0.48)&#8221; background_image=&#8221;https:\/\/smuk.nl\/wp-content\/uploads\/2021\/10\/Smuk-recreatie-nachtje-weg-13.jpg&#8221; background_position=&#8221;bottom_center&#8221; custom_margin=&#8221;0px||0px||true|false&#8221; custom_padding=&#8221;99px||99px||true|false&#8221; global_colors_info=&#8221;{}&#8221;][et_pb_row _builder_version=&#8221;4.16&#8243; _module_preset=&#8221;default&#8221; custom_padding=&#8221;166px||130px|||&#8221; global_colors_info=&#8221;{}&#8221;][et_pb_column type=&#8221;4_4&#8243; _builder_version=&#8221;4.16&#8243; _module_preset=&#8221;default&#8221; global_colors_info=&#8221;{}&#8221;][et_pb_text _builder_version=&#8221;4.16&#8243; _module_preset=&#8221;b7636b4c-c928-4893-a98f-cfa9abbf40f3&#8243; header_font=&#8221;Finland Rounded|||on|||||&#8221; header_text_color=&#8221;#000000&#8243; header_font_size=&#8221;45px&#8221; header_line_height=&#8221;1.2em&#8221; z_index=&#8221;500&#8243; text_orientation=&#8221;right&#8221; width=&#8221;80%&#8221; module_alignment=&#8221;right&#8221; custom_margin=&#8221;0px||0px|0px|false|false&#8221; custom_margin_tablet=&#8221;&#8221; custom_margin_phone=&#8221;&#8221; custom_margin_last_edited=&#8221;on|tablet&#8221; custom_padding=&#8221;0px|||0px|false|false&#8221; custom_padding_tablet=&#8221;&#8221; custom_padding_phone=&#8221;&#8221; custom_padding_last_edited=&#8221;on|tablet&#8221; header_font_size_tablet=&#8221;60px&#8221; header_font_size_phone=&#8221;30px&#8221; header_font_size_last_edited=&#8221;on|phone&#8221; border_width_left=&#8221;4px&#8221; border_color_left=&#8221;RGBA(0,0,0,0)&#8221; global_colors_info=&#8221;{%22gcid-7dd47f7c-8876-4bcb-be01-39e2a94f2875%22:%91%93}&#8221;]<\/p>\n<h1 style=\"text-align: justify;\">S<strong>m\u00fbk<\/strong> [sprich: <em>smoek<\/em>] ist ein gem\u00fctliches Gef\u00fchl,<\/h1>\n<h1 style=\"text-align: justify;\">Gem\u00fctlichkeit, W\u00e4rme, Heimeligkeit und Zusammensein.<\/h1>\n<p>[\/et_pb_text][\/et_pb_column][\/et_pb_row][\/et_pb_section][et_pb_section fb_built=&#8221;1&#8243; custom_padding_last_edited=&#8221;on|phone&#8221; admin_label=&#8221;Features&#8221; _builder_version=&#8221;4.27.4&#8243; _module_preset=&#8221;default&#8221; background_color=&#8221;rgba(210,206,194,0.16)&#8221; background_image=&#8221;https:\/\/smuk.nl\/wp-content\/uploads\/2021\/10\/weekendje-friesland-02-1003&#215;1024.png&#8221; background_size=&#8221;initial&#8221; background_position=&#8221;center_right&#8221; custom_padding=&#8221;150px|||||&#8221; custom_padding_tablet=&#8221;&#8221; custom_padding_phone=&#8221;0px||||false|false&#8221; global_colors_info=&#8221;{}&#8221;][et_pb_row column_structure=&#8221;1_2,1_2&#8243; _builder_version=&#8221;4.16&#8243; _module_preset=&#8221;default&#8221; global_colors_info=&#8221;{}&#8221;][et_pb_column type=&#8221;1_2&#8243; _builder_version=&#8221;4.16&#8243; _module_preset=&#8221;default&#8221; global_colors_info=&#8221;{}&#8221;][et_pb_text _builder_version=&#8221;4.16&#8243; _module_preset=&#8221;33d8ed47-9575-4183-ae48-b1d6c4145db4&#8243; header_2_font=&#8221;Finland Rounded||||||||&#8221; header_2_text_color=&#8221;#000000&#8243; header_2_font_size=&#8221;80px&#8221; z_index=&#8221;500&#8243; custom_margin=&#8221;-75px||||false|false&#8221; custom_margin_tablet=&#8221;0px||||false|false&#8221; custom_margin_phone=&#8221;0px||50px||false|false&#8221; custom_margin_last_edited=&#8221;on|tablet&#8221; custom_padding_tablet=&#8221;&#8221; custom_padding_phone=&#8221;0px||0px||false|false&#8221; custom_padding_last_edited=&#8221;on|phone&#8221; header_2_font_size_tablet=&#8221;30px&#8221; header_2_font_size_phone=&#8221;40px&#8221; header_2_font_size_last_edited=&#8221;on|phone&#8221; global_colors_info=&#8221;{%22gcid-7dd47f7c-8876-4bcb-be01-39e2a94f2875%22:%91%93}&#8221;]<\/p>\n<h2>Wie f\u00fchlt sich Sm\u00fbk?<\/h2>\n<p>[\/et_pb_text][et_pb_image src=&#8221;https:\/\/smuk.nl\/wp-content\/uploads\/2021\/10\/Smuk-recreatie-nachtje-weg-6.jpg&#8221; title_text=&#8221;Smuk Freizeit Nacht aus (6)&#8221; _builder_version=&#8221;4.16&#8243; _module_preset=&#8221;default&#8221; custom_margin=&#8221;-81px|||||&#8221; global_colors_info=&#8221;{}&#8221;][\/et_pb_image][\/et_pb_column][et_pb_column type=&#8221;1_2&#8243; _builder_version=&#8221;4.16&#8243; _module_preset=&#8221;default&#8221; global_colors_info=&#8221;{}&#8221;][et_pb_text _builder_version=&#8221;4.16&#8243; _module_preset=&#8221;60257f16-a5af-4542-8569-0d881bd6f86a&#8221; text_font=&#8221;|500|||||||&#8221; text_text_color=&#8221;#000000&#8243; text_font_size=&#8221;16px&#8221; text_line_height=&#8221;2em&#8221; custom_margin=&#8221;||||false|false&#8221; custom_margin_tablet=&#8221;|||0%|false|false&#8221; custom_margin_phone=&#8221;&#8221; custom_margin_last_edited=&#8221;on|tablet&#8221; text_font_size_tablet=&#8221;18px&#8221; text_font_size_phone=&#8221;12px&#8221; text_font_size_last_edited=&#8221;on|tablet&#8221; locked=&#8221;off&#8221; global_colors_info=&#8221;{%22gcid-7dd47f7c-8876-4bcb-be01-39e2a94f2875%22:%91%93}&#8221;]<\/p>\n<p>Lassen Sie uns \u00fcber den Namen Sm\u00fbk Recreation sprechen. Denn <strong>was bedeutet sm\u00fbk<\/strong>? Die Friesen unter uns werden das Wort kennen, aber das Gef\u00fchl von sm\u00fbk l\u00e4sst sich nicht mit einem Wort erfassen, genau wie der Bauernhof. Das Gleiche gilt f\u00fcr das d\u00e4nische Wort &#8220;hygge&#8221;, das mit &#8220;Gem\u00fctlichkeit&#8221; und &#8220;Behaglichkeit&#8221; verglichen werden kann. <strong>Sm\u00fbk ist die Gem\u00fctlichkeit<\/strong>, wenn man einen Whirlpool neben seinem Zelt mietet, und die <strong>Gem\u00fctlichkeit<\/strong>, wenn man auf einem Boot Getr\u00e4nke zu sich nimmt. Am Pizzaabend gemeinsam Pizza im Holzofen backen und im Schuppen im Sessel ein Buch lesen. Es ist die F\u00e4higkeit, sich <strong>zu verlangsamen<\/strong> und sich mit Aufmerksamkeit allen Arten von beruhigenden Aufgaben zu widmen. Die Zeit vergeht so schnell, wie Sie es wollen. <strong>Sm\u00fbk Recreation ist der Ort, an dem man sich stundenlang herumtreiben kann.<\/strong><\/p>\n<p>Sm\u00fbk im Sommer ist das Streicheln von Ziegen mit nassgek\u00e4mmten Haaren und ein Spaziergang auf dem Deich, der das Dorf \u00fcberragt. Im Winter f\u00e4hrt Sm\u00fbk mit einem Wagen voller Holz auf und ab, um den<strong> Whirlpool zu heizen<\/strong> und ein gutes Glas Rotwein zu genie\u00dfen. Sm\u00fbk bedeutet, sich im <strong>Herzen Frieslands<\/strong>, mitten in den Wiesen, wiederzufinden und trotzdem zu Hause zu sein. Die Gem\u00fctlichkeit von zu Hause und doch direkt neben grasenden K\u00fchen. Sie b\u00fcrstet Pferde und sammelt Eier. Toasten Sie am Pizzaabend Ihre eigene Pizza im Holzofen.<strong> Sie k\u00f6nnen den Sonnenauf- und -untergang beobachten<\/strong>, in Ihren Stiefeln durch die Landschaft stapfen und sich auf einem Boot aneinander kuscheln.<\/p>\n<p>[\/et_pb_text][\/et_pb_column][\/et_pb_row][et_pb_row column_structure=&#8221;3_5,2_5&#8243; _builder_version=&#8221;4.16&#8243; _module_preset=&#8221;default&#8221; custom_margin=&#8221;0px|auto||auto|false|false&#8221; custom_padding=&#8221;||7px|||&#8221; global_colors_info=&#8221;{}&#8221;][et_pb_column type=&#8221;3_5&#8243; _builder_version=&#8221;4.16&#8243; _module_preset=&#8221;default&#8221; global_colors_info=&#8221;{}&#8221;][et_pb_text _builder_version=&#8221;4.27.2&#8243; _module_preset=&#8221;60257f16-a5af-4542-8569-0d881bd6f86a&#8221; text_font=&#8221;|500|||||||&#8221; text_text_color=&#8221;#000000&#8243; text_font_size=&#8221;16px&#8221; text_line_height=&#8221;2em&#8221; custom_margin=&#8221;||||false|false&#8221; custom_margin_tablet=&#8221;|||0%|false|false&#8221; custom_margin_phone=&#8221;&#8221; custom_margin_last_edited=&#8221;on|tablet&#8221; text_font_size_tablet=&#8221;18px&#8221; text_font_size_phone=&#8221;12px&#8221; text_font_size_last_edited=&#8221;on|tablet&#8221; locked=&#8221;off&#8221; global_colors_info=&#8221;{%22gcid-7dd47f7c-8876-4bcb-be01-39e2a94f2875%22:%91%93}&#8221;]<\/p>\n<p>Wenn Sie Ihr<strong> sch\u00f6n gestaltetes Sm\u00fbk Bell, Sm\u00fbk Tiny, Sm\u00fbk Huske<\/strong> betreten, sp\u00fcren Sie sofort die W\u00e4rme. Sie sind mit allem Komfort von zu Hause ausgestattet und von Tieren und Gr\u00fcn umgeben. In der N\u00e4he des Sm\u00fbk Huske sehen Sie regelm\u00e4\u00dfig eine junge Ziege, die die Tore des Tiergeheges umgeht und Sie lautstark auffordert, sie wieder in ihr Gehege zu bringen.<strong> Sm\u00fbk bedeutet, ein \u00fcppiges Abendessen in der K\u00fcche des Bauern zu kochen und es dann mit blo\u00dfen F\u00fc\u00dfen im Gras zu essen.<\/strong><\/p>\n<p>[\/et_pb_text][et_pb_button button_url=&#8221;@ET-DC@eyJkeW5hbWljIjp0cnVlLCJjb250ZW50IjoicG9zdF9saW5rX3VybF9wYWdlIiwic2V0dGluZ3MiOnsicG9zdF9pZCI6IjQwMyIsImVuYWJsZV9odG1sIjoib2ZmIn19@&#8221; button_text=&#8221;Ich m\u00f6chte eine Pause machen&#8221; _builder_version=&#8221;4.27.4&#8243; _dynamic_attributes=&#8221;button_url&#8221; _module_preset=&#8221;b9ae5379-ad3e-4160-945a-f2ee350dc5f5&#8243; custom_button=&#8221;on&#8221; button_text_size=&#8221;14px&#8221; button_text_color=&#8221;#FFFFFF&#8221; button_bg_color=&#8221;#8A8E75&#8243; button_border_width=&#8221;0px&#8221; button_border_radius=&#8221;0px&#8221; button_letter_spacing=&#8221;2px&#8221; button_font=&#8221;|600||on|||||&#8221; button_use_icon=&#8221;off&#8221; background_layout=&#8221;dark&#8221; custom_padding=&#8221;16px|30px|16px|30px|true|true&#8221; global_colors_info=&#8221;{}&#8221;][\/et_pb_button][\/et_pb_column][et_pb_column type=&#8221;2_5&#8243; _builder_version=&#8221;4.16&#8243; _module_preset=&#8221;default&#8221; global_colors_info=&#8221;{}&#8221;][et_pb_image src=&#8221;https:\/\/smuk.nl\/wp-content\/uploads\/2023\/11\/SMUK-icoontje-Wandelen-3.png&#8221; title_text=&#8221;SMUK Icon-Walk-3&#8243; align=&#8221;right&#8221; align_tablet=&#8221;&#8221; align_phone=&#8221;center&#8221; align_last_edited=&#8221;on|phone&#8221; disabled_on=&#8221;on|on|off&#8221; _builder_version=&#8221;4.23.1&#8243; _module_preset=&#8221;default&#8221; width=&#8221;80%&#8221; width_tablet=&#8221;&#8221; width_phone=&#8221;73%&#8221; width_last_edited=&#8221;on|phone&#8221; custom_margin=&#8221;|0px|||false|false&#8221; custom_padding=&#8221;|0px|||false|false&#8221; scroll_vertical_motion_enable=&#8221;on&#8221; scroll_vertical_motion=&#8221;15|93|93|100|4|0|-4&#8243; module_alignment_tablet=&#8221;&#8221; module_alignment_phone=&#8221;center&#8221; module_alignment_last_edited=&#8221;on|phone&#8221; sticky_position_tablet=&#8221;&#8221; sticky_position_phone=&#8221;&#8221; sticky_position_last_edited=&#8221;on|phone&#8221; scroll_vertical_motion_tablet=&#8221;&#8221; scroll_vertical_motion_phone=&#8221;&#8221; scroll_vertical_motion_last_edited=&#8221;on|phone&#8221; global_colors_info=&#8221;{}&#8221;][\/et_pb_image][\/et_pb_column][\/et_pb_row][\/et_pb_section]<\/p>\n","protected":false},"excerpt":{"rendered":"<p>Sm\u00fbk-UmgebungSowohl die Natur als auch die Tiere werden auf diesem Bauernhof liebevoll gepflegt. Alles, vom Frosch bis zur Kuh, bekommt die Ruhe und die Blumen den Raum, um zu gedeihen. Naturfreundliche Ufer und saubere Gr\u00e4ben machen Sm\u00fbk zu einem sch\u00f6nen Zuhause f\u00fcr kleine und gro\u00dfe Lebewesen. Die Ufer, an denen die Boote vert\u00e4ut sind, sind [&hellip;]<\/p>\n","protected":false},"author":2,"featured_media":0,"parent":0,"menu_order":0,"comment_status":"closed","ping_status":"closed","template":"","meta":{"_acf_changed":false,"_et_pb_use_builder":"on","_et_pb_old_content":"","_et_gb_content_width":"","footnotes":""},"class_list":["post-3071","page","type-page","status-publish","hentry"],"acf":[],"_links":{"self":[{"href":"https:\/\/smuk.nl\/de\/wp-json\/wp\/v2\/pages\/3071","targetHints":{"allow":["GET"]}}],"collection":[{"href":"https:\/\/smuk.nl\/de\/wp-json\/wp\/v2\/pages"}],"about":[{"href":"https:\/\/smuk.nl\/de\/wp-json\/wp\/v2\/types\/page"}],"author":[{"embeddable":true,"href":"https:\/\/smuk.nl\/de\/wp-json\/wp\/v2\/users\/2"}],"replies":[{"embeddable":true,"href":"https:\/\/smuk.nl\/de\/wp-json\/wp\/v2\/comments?post=3071"}],"version-history":[{"count":3,"href":"https:\/\/smuk.nl\/de\/wp-json\/wp\/v2\/pages\/3071\/revisions"}],"predecessor-version":[{"id":4945,"href":"https:\/\/smuk.nl\/de\/wp-json\/wp\/v2\/pages\/3071\/revisions\/4945"}],"wp:attachment":[{"href":"https:\/\/smuk.nl\/de\/wp-json\/wp\/v2\/media?parent=3071"}],"curies":[{"name":"wp","href":"https:\/\/api.w.org\/{rel}","templated":true}]}}