{"id":3080,"date":"2023-09-26T15:40:30","date_gmt":"2023-09-26T15:40:30","guid":{"rendered":"https:\/\/smuk.nl\/smuk-grutte-bell-zelt\/"},"modified":"2025-12-23T17:09:51","modified_gmt":"2025-12-23T17:09:51","slug":"smuk-grutte-bell-zelt","status":"publish","type":"page","link":"https:\/\/smuk.nl\/de\/smuk-grutte-bell-zelt\/","title":{"rendered":"Sm\u00fbk Grutte Bell-Zelt"},"content":{"rendered":"<p>[et_pb_section fb_built=&#8221;1&#8243; admin_label=&#8221;Header&#8221; _builder_version=&#8221;4.27.4&#8243; _module_preset=&#8221;default&#8221; background_enable_color=&#8221;off&#8221; use_background_color_gradient=&#8221;on&#8221; background_color_gradient_direction=&#8221;270deg&#8221; background_color_gradient_stops=&#8221;rgba(210,206,194,0.5) 29%|#8a8e75 29%&#8221; background_color_gradient_start=&#8221;rgba(210,206,194,0.5)&#8221; background_color_gradient_start_position=&#8221;30%&#8221; background_color_gradient_end=&#8221;#aba499&#8243; background_color_gradient_end_position=&#8221;0%&#8221; background_image=&#8221;https:\/\/smuk.nl\/wp-content\/uploads\/2021\/10\/Apothecary-007.png&#8221; background_enable_image=&#8221;off&#8221; custom_padding=&#8221;0px||0px|||&#8221; background_color_phone=&#8221;#ABA499&#8243; background_last_edited=&#8221;on|phone&#8221; background_enable_color_phone=&#8221;on&#8221; use_background_color_gradient_phone=&#8221;off&#8221; global_colors_info=&#8221;{}&#8221;][et_pb_row column_structure=&#8221;2_5,3_5&#8243; _builder_version=&#8221;4.16&#8243; _module_preset=&#8221;default&#8221; custom_padding=&#8221;0px||0px|||&#8221; global_colors_info=&#8221;{}&#8221;][et_pb_column type=&#8221;2_5&#8243; _builder_version=&#8221;4.16&#8243; _module_preset=&#8221;default&#8221; z_index=&#8221;10&#8243; global_colors_info=&#8221;{}&#8221;][et_pb_image src=&#8221;@ET-DC@eyJkeW5hbWljIjp0cnVlLCJjb250ZW50IjoicG9zdF9mZWF0dXJlZF9pbWFnZSIsInNldHRpbmdzIjp7fX0=@&#8221; alt=&#8221;Fjild Huske &#8211; slapen in de natuur friesland&#8221; title_text=&#8221;Fjild Huske &#8211; slapen in de natuur friesland&#8221; disabled_on=&#8221;off|off|on&#8221; admin_label=&#8221;Uitgelichte afbeelding Mobiel en Tablet (Dynamisch)&#8221; _builder_version=&#8221;4.27.5&#8243; _dynamic_attributes=&#8221;src&#8221; _module_preset=&#8221;default&#8221; border_radii=&#8221;off||||&#8221; locked=&#8221;off&#8221; global_colors_info=&#8221;{}&#8221;][\/et_pb_image][et_pb_text _builder_version=&#8221;4.22.2&#8243; _module_preset=&#8221;b7636b4c-c928-4893-a98f-cfa9abbf40f3&#8243; header_font=&#8221;Finland Rounded|||on|||||&#8221; header_text_color=&#8221;#FFFFFF&#8221; header_font_size=&#8221;80px&#8221; header_line_height=&#8221;1.2em&#8221; custom_margin=&#8221;0px|-50%||-32px|false|false&#8221; custom_margin_tablet=&#8221;&#8221; custom_margin_phone=&#8221;&#8221; custom_margin_last_edited=&#8221;on|tablet&#8221; custom_padding=&#8221;10.2%|0px||32px|false|false&#8221; custom_padding_tablet=&#8221;&#8221; custom_padding_phone=&#8221;&#8221; custom_padding_last_edited=&#8221;on|tablet&#8221; header_font_size_tablet=&#8221;60px&#8221; header_font_size_phone=&#8221;40px&#8221; header_font_size_last_edited=&#8221;on|phone&#8221; border_width_left=&#8221;4px&#8221; border_color_left=&#8221;#938A80&#8243; locked=&#8221;off&#8221; global_colors_info=&#8221;{%22gcid-7dd47f7c-8876-4bcb-be01-39e2a94f2875%22:%91%93}&#8221;]<\/p>\n<h1>sm\u00fbk grutte Glocke<\/h1>\n<p>[\/et_pb_text][et_pb_text _builder_version=&#8221;4.22.2&#8243; _module_preset=&#8221;afe8fc41-dc70-4bf1-b625-17644c79cbc3&#8243; text_font=&#8221;||||||||&#8221; text_text_color=&#8221;#FFFFFF&#8221; text_font_size=&#8221;16px&#8221; text_line_height=&#8221;2em&#8221; text_font_size_tablet=&#8221;14px&#8221; text_font_size_phone=&#8221;12px&#8221; text_font_size_last_edited=&#8221;on|phone&#8221; locked=&#8221;off&#8221; global_colors_info=&#8221;{}&#8221;]<\/p>\n<p><span style=\"font-weight: 400;\">Wundersch\u00f6n sind sie, die Bell-Zelte aus echter Baumwolle. Wir haben 3 gro\u00dfe Glockenzelte, deren \u00d6ffnung auf die <strong>weiten Felder<\/strong> gerichtet ist. Es ist eine sch\u00f6ne Unterkunft, denn was gibt es Sch\u00f6neres als die frische Morgenluft und das Rauschen der V\u00f6gel am Morgen oder ein vorbeifahrendes Boot zu beobachten.<\/span><\/p>\n<p><span style=\"font-weight: 400;\">Das <strong>Grutte Bell<\/strong> ist ein gro\u00dfes Bell-Zelt f\u00fcr 4 Personen.<\/span><\/p>\n<p>[\/et_pb_text][\/et_pb_column][et_pb_column type=&#8221;3_5&#8243; _builder_version=&#8221;4.16&#8243; _module_preset=&#8221;default&#8221; custom_padding=&#8221;60px||||false|false&#8221; global_colors_info=&#8221;{}&#8221;][et_pb_image src=&#8221;@ET-DC@eyJkeW5hbWljIjp0cnVlLCJjb250ZW50IjoicG9zdF9mZWF0dXJlZF9pbWFnZSIsInNldHRpbmdzIjp7fX0=@&#8221; title_text=&#8221;Smuk Tiny (8)&#8221; disabled_on=&#8221;on|on|off&#8221; admin_label=&#8221;Featured Image Mobile (Dynamic)&#8221; _builder_version=&#8221;4.27.5&#8243; _dynamic_attributes=&#8221;src&#8221; _module_preset=&#8221;default&#8221; hover_enabled=&#8221;0&#8243; border_radii=&#8221;off||||&#8221; saved_tabs=&#8221;all&#8221; locked=&#8221;off&#8221; global_colors_info=&#8221;{}&#8221; sticky_enabled=&#8221;0&#8243;][\/et_pb_image][et_pb_button button_url=&#8221;https:\/\/smuk.nl\/de\/smuk-grutte-bell-zelt\/#boeken&#8221; button_text=&#8221;Ich will es erleben!&#8221; _builder_version=&#8221;4.22.2&#8243; _module_preset=&#8221;b9ae5379-ad3e-4160-945a-f2ee350dc5f5&#8243; custom_button=&#8221;on&#8221; button_text_size=&#8221;14px&#8221; button_text_color=&#8221;#FFFFFF&#8221; button_bg_color=&#8221;#7F634E&#8221; button_border_width=&#8221;0px&#8221; button_border_radius=&#8221;0px&#8221; button_letter_spacing=&#8221;2px&#8221; button_font=&#8221;|600||on|||||&#8221; button_use_icon=&#8221;off&#8221; background_layout=&#8221;dark&#8221; custom_margin=&#8221;15px|||||&#8221; custom_padding=&#8221;16px|30px|16px|30px|true|true&#8221; global_colors_info=&#8221;{}&#8221;][\/et_pb_button][\/et_pb_column][\/et_pb_row][\/et_pb_section][et_pb_section fb_built=&#8221;1&#8243; admin_label=&#8221;Products&#8221; _builder_version=&#8221;4.27.4&#8243; _module_preset=&#8221;default&#8221; background_color=&#8221;#8A8E75&#8243; background_image=&#8221;https:\/\/smuk.nl\/wp-content\/uploads\/2021\/10\/Apothecary-007.png&#8221; background_enable_image=&#8221;off&#8221; custom_padding=&#8221;4px|0px|2px|||&#8221; global_colors_info=&#8221;{}&#8221;][et_pb_row column_structure=&#8221;1_3,1_3,1_3&#8243; use_custom_gutter=&#8221;on&#8221; gutter_width=&#8221;2&#8243; make_equal=&#8221;on&#8221; _builder_version=&#8221;4.16&#8243; _module_preset=&#8221;default&#8221; custom_padding=&#8221;70px|||||&#8221; global_colors_info=&#8221;{}&#8221;][et_pb_column type=&#8221;1_3&#8243; _builder_version=&#8221;4.16&#8243; _module_preset=&#8221;default&#8221; global_colors_info=&#8221;{}&#8221;][et_pb_image src=&#8221;https:\/\/smuk.nl\/wp-content\/uploads\/2024\/06\/Smuk-bell-tent-bank-scaled.jpg&#8221; title_text=&#8221;Smuk bell tent bank&#8221; _builder_version=&#8221;4.25.1&#8243; _module_preset=&#8221;default&#8221; border_width_all=&#8221;2px&#8221; border_color_all=&#8221;#FFFFFF&#8221; global_colors_info=&#8221;{}&#8221;][\/et_pb_image][\/et_pb_column][et_pb_column type=&#8221;1_3&#8243; _builder_version=&#8221;4.16&#8243; _module_preset=&#8221;default&#8221; global_colors_info=&#8221;{}&#8221;][et_pb_image src=&#8221;https:\/\/smuk.nl\/wp-content\/uploads\/2023\/09\/Smuk-Grutte-Bell-17.jpg&#8221; title_text=&#8221;Smuk Grutte Bell (17)&#8221; _builder_version=&#8221;4.25.1&#8243; _module_preset=&#8221;default&#8221; border_width_all=&#8221;2px&#8221; border_color_all=&#8221;#FFFFFF&#8221; global_colors_info=&#8221;{}&#8221;][\/et_pb_image][\/et_pb_column][et_pb_column type=&#8221;1_3&#8243; _builder_version=&#8221;4.16&#8243; _module_preset=&#8221;default&#8221; global_colors_info=&#8221;{}&#8221;][et_pb_image src=&#8221;https:\/\/smuk.nl\/wp-content\/uploads\/2023\/09\/Smuk-Grutte-Bell-12.jpg&#8221; title_text=&#8221;Smuk Grutte Bell (12)&#8221; _builder_version=&#8221;4.22.2&#8243; _module_preset=&#8221;default&#8221; border_width_all=&#8221;2px&#8221; border_color_all=&#8221;#FFFFFF&#8221; global_colors_info=&#8221;{}&#8221;][\/et_pb_image][\/et_pb_column][\/et_pb_row][et_pb_row column_structure=&#8221;2_5,3_5&#8243; use_custom_gutter=&#8221;on&#8221; gutter_width=&#8221;4&#8243; custom_padding_last_edited=&#8221;on|phone&#8221; _builder_version=&#8221;4.16&#8243; _module_preset=&#8221;default&#8221; custom_padding=&#8221;70px|||||&#8221; custom_padding_tablet=&#8221;&#8221; custom_padding_phone=&#8221;0px||||false|false&#8221; global_colors_info=&#8221;{}&#8221;][et_pb_column type=&#8221;2_5&#8243; _builder_version=&#8221;4.16&#8243; _module_preset=&#8221;default&#8221; global_colors_info=&#8221;{}&#8221;][et_pb_image src=&#8221;https:\/\/smuk.nl\/wp-content\/uploads\/2024\/06\/keuken-bell-tent-smuk.jpg&#8221; title_text=&#8221;keuken bell tent smuk&#8221; disabled_on=&#8221;on|off|off&#8221; _builder_version=&#8221;4.25.1&#8243; _module_preset=&#8221;default&#8221; max_width_tablet=&#8221;300px&#8221; max_width_phone=&#8221;150px&#8221; max_width_last_edited=&#8221;on|phone&#8221; custom_margin=&#8221;|||-10vw|false|false&#8221; custom_margin_tablet=&#8221;|||0vw|false|false&#8221; custom_margin_phone=&#8221;&#8221; custom_margin_last_edited=&#8221;on|tablet&#8221; custom_padding=&#8221;||||false|false&#8221; global_colors_info=&#8221;{}&#8221;][\/et_pb_image][\/et_pb_column][et_pb_column type=&#8221;3_5&#8243; _builder_version=&#8221;4.16&#8243; _module_preset=&#8221;default&#8221; global_colors_info=&#8221;{}&#8221;][et_pb_text _builder_version=&#8221;4.16&#8243; _module_preset=&#8221;01e193d8-ba71-4632-9359-6d4dcd6e5404&#8243; header_2_font=&#8221;Finland Rounded||||||||&#8221; header_2_text_color=&#8221;#FFFFFF&#8221; header_2_font_size=&#8221;45px&#8221; header_2_line_height=&#8221;1.2em&#8221; max_width=&#8221;76%&#8221; custom_margin=&#8221;||-2px|||&#8221; header_2_font_size_tablet=&#8221;60px&#8221; header_2_font_size_phone=&#8221;30px&#8221; header_2_font_size_last_edited=&#8221;on|phone&#8221; locked=&#8221;off&#8221; global_colors_info=&#8221;{}&#8221;]<\/p>\n<h2>mehr gem\u00fctlich als gem\u00fctlich<\/h2>\n<p>[\/et_pb_text][et_pb_text _builder_version=&#8221;4.22.2&#8243; _module_preset=&#8221;60257f16-a5af-4542-8569-0d881bd6f86a&#8221; text_font=&#8221;|500|||||||&#8221; text_text_color=&#8221;#FFFFFF&#8221; text_font_size=&#8221;16px&#8221; text_line_height=&#8221;2em&#8221; custom_margin=&#8221;-1px||75px||false|false&#8221; custom_margin_tablet=&#8221;|||0%|false|false&#8221; custom_margin_phone=&#8221;&#8221; custom_margin_last_edited=&#8221;on|tablet&#8221; custom_padding=&#8221;||0px|||&#8221; text_font_size_tablet=&#8221;18px&#8221; text_font_size_phone=&#8221;12px&#8221; text_font_size_last_edited=&#8221;on|tablet&#8221; locked=&#8221;off&#8221; global_colors_info=&#8221;{%22gcid-7dd47f7c-8876-4bcb-be01-39e2a94f2875%22:%91%93}&#8221;]<\/p>\n<p><span style=\"font-weight: 400;\">Die Zelte sind <strong>wundersch\u00f6n<\/strong> mit <strong>nat\u00fcrlichen Materialien<\/strong> dekoriert, haben flie\u00dfendes Wasser im Freien, eine <strong>Au\u00dfenk\u00fcche<\/strong> und eine <strong>private Terrasse<\/strong>. Es gibt einen kleinen Lichtblick im Zelt.<\/span><\/p>\n<p><span style=\"font-weight: 400;\">Die Zelte haben ger\u00e4umige Stellpl\u00e4tze und dank der sch\u00f6nen Vegetation eine <strong>echte Privatsph\u00e4re<\/strong> und beste Aussichten.<\/span><\/p>\n<p>Duschen und Toiletten sind im Hauptgeb\u00e4ude vorhanden<\/p>\n<p>[\/et_pb_text][et_pb_blurb title=&#8221;Wundersch\u00f6ne Betten mit echten Matratzen und Federbetten&#8221; use_icon=&#8221;on&#8221; font_icon=&#8221;&#xf236;||fa||900&#8243; icon_color=&#8221;#D2CEC2&#8243; icon_placement=&#8221;left&#8221; content_max_width=&#8221;100%&#8221; _builder_version=&#8221;4.27.4&#8243; _module_preset=&#8221;default&#8221; header_font=&#8221;Orator|500|||||||&#8221; header_text_color=&#8221;#FFFFFF&#8221; header_font_size=&#8221;18px&#8221; header_line_height=&#8221;1.7em&#8221; body_text_color=&#8221;#ffffff&#8221; custom_margin=&#8221;||30px||false|false&#8221; custom_padding=&#8221;||15px||false|false&#8221; animation=&#8221;off&#8221; header_font_size_tablet=&#8221;15px&#8221; header_font_size_phone=&#8221;14px&#8221; header_font_size_last_edited=&#8221;on|phone&#8221; border_color_all=&#8221;gcid-ca8f36b4-7d82-4535-8660-051c5535138b&#8221; border_width_bottom=&#8221;2px&#8221; border_color_bottom=&#8221;#D2CEC2&#8243; global_colors_info=&#8221;{%22gcid-014e3532-9762-4529-8ecb-e1464cb9fe6d%22:%91%93}&#8221;]<\/p>\n<p>Wenn es kalt ist, haben wir eine Option f\u00fcr <strong>beheizte<\/strong> Betten<\/p>\n<p>[\/et_pb_blurb][et_pb_blurb title=&#8221;Geschirrsp\u00fclk\u00fcche mit flie\u00dfendem Trinkwasser&#8221; use_icon=&#8221;on&#8221; font_icon=&#8221;&#xe030;||divi||400&#8243; icon_color=&#8221;#D2CEC2&#8243; icon_placement=&#8221;left&#8221; content_max_width=&#8221;100%&#8221; _builder_version=&#8221;4.26.1&#8243; _module_preset=&#8221;default&#8221; header_font=&#8221;Orator|500|||||||&#8221; header_text_color=&#8221;#FFFFFF&#8221; header_font_size=&#8221;18px&#8221; header_line_height=&#8221;1.7em&#8221; body_text_color=&#8221;#ffffff&#8221; custom_margin=&#8221;||30px||false|false&#8221; custom_padding=&#8221;||15px||false|false&#8221; animation=&#8221;off&#8221; header_font_size_tablet=&#8221;15px&#8221; header_font_size_phone=&#8221;14px&#8221; header_font_size_last_edited=&#8221;on|phone&#8221; border_color_all=&#8221;gcid-ca8f36b4-7d82-4535-8660-051c5535138b&#8221; border_width_bottom=&#8221;2px&#8221; border_color_bottom=&#8221;#D2CEC2&#8243; global_colors_info=&#8221;{%22gcid-014e3532-9762-4529-8ecb-e1464cb9fe6d%22:%91%93}&#8221;]<\/p>\n<p><span style=\"font-weight: 400;\">Terrasse mit <strong>Picknicktisch , <\/strong><\/span><span style=\"font-weight: 400;\">Sonnenschirm und<\/span><span style=\"font-weight: 400;\">n&#8230; <strong>2 echte Sm\u00fbk Liegest\u00fchle<\/strong><\/span><\/p>\n<p>[\/et_pb_blurb][et_pb_blurb title=&#8221;Kessel\/Lagerfeuer im Freien &#8221; use_icon=&#8221;on&#8221; font_icon=&#8221;&#xf3b1;||fa||400&#8243; icon_color=&#8221;#D2CEC2&#8243; icon_placement=&#8221;left&#8221; content_max_width=&#8221;100%&#8221; _builder_version=&#8221;4.22.2&#8243; _module_preset=&#8221;default&#8221; header_font=&#8221;Orator|500|||||||&#8221; header_text_color=&#8221;#FFFFFF&#8221; header_font_size=&#8221;18px&#8221; header_line_height=&#8221;1.7em&#8221; body_text_color=&#8221;#ffffff&#8221; custom_margin=&#8221;||30px||false|false&#8221; custom_padding=&#8221;||15px||false|false&#8221; animation=&#8221;off&#8221; header_font_size_tablet=&#8221;15px&#8221; header_font_size_phone=&#8221;14px&#8221; header_font_size_last_edited=&#8221;on|phone&#8221; border_color_all=&#8221;gcid-ca8f36b4-7d82-4535-8660-051c5535138b&#8221; border_width_bottom=&#8221;2px&#8221; border_color_bottom=&#8221;#D2CEC2&#8243; global_colors_info=&#8221;{%22gcid-014e3532-9762-4529-8ecb-e1464cb9fe6d%22:%91%93}&#8221;][\/et_pb_blurb][et_pb_blurb title=&#8221;Pfannen, Kochgeschirr, Besteck, Geschirr, K\u00fchlbox und Lampe&#8221; use_icon=&#8221;on&#8221; font_icon=&#8221;&#xe106;||divi||400&#8243; icon_color=&#8221;#D2CEC2&#8243; icon_placement=&#8221;left&#8221; content_max_width=&#8221;100%&#8221; _builder_version=&#8221;4.22.2&#8243; _module_preset=&#8221;default&#8221; header_font=&#8221;Orator|500|||||||&#8221; header_text_color=&#8221;#FFFFFF&#8221; header_font_size=&#8221;18px&#8221; header_line_height=&#8221;1.7em&#8221; body_text_color=&#8221;#ffffff&#8221; custom_margin=&#8221;||30px||false|false&#8221; custom_padding=&#8221;||15px||false|false&#8221; animation=&#8221;off&#8221; header_font_size_tablet=&#8221;15px&#8221; header_font_size_phone=&#8221;14px&#8221; header_font_size_last_edited=&#8221;on|phone&#8221; border_color_all=&#8221;gcid-ca8f36b4-7d82-4535-8660-051c5535138b&#8221; border_width_bottom=&#8221;2px&#8221; border_color_bottom=&#8221;#D2CEC2&#8243; global_colors_info=&#8221;{%22gcid-014e3532-9762-4529-8ecb-e1464cb9fe6d%22:%91%93}&#8221;][\/et_pb_blurb][\/et_pb_column][\/et_pb_row][\/et_pb_section][et_pb_section fb_built=&#8221;1&#8243; custom_padding_last_edited=&#8221;on|phone&#8221; _builder_version=&#8221;4.16&#8243; _module_preset=&#8221;default&#8221; background_color=&#8221;#ABA499&#8243; custom_padding_tablet=&#8221;&#8221; custom_padding_phone=&#8221;0px||||false|false&#8221; global_colors_info=&#8221;{}&#8221;][et_pb_row column_structure=&#8221;1_4,1_4,1_4,1_4&#8243; use_custom_gutter=&#8221;on&#8221; gutter_width=&#8221;2&#8243; make_equal=&#8221;on&#8221; _builder_version=&#8221;4.25.1&#8243; _module_preset=&#8221;default&#8221; global_colors_info=&#8221;{}&#8221;][et_pb_column type=&#8221;1_4&#8243; _builder_version=&#8221;4.16&#8243; _module_preset=&#8221;default&#8221; global_colors_info=&#8221;{}&#8221;][et_pb_image src=&#8221;https:\/\/smuk.nl\/wp-content\/uploads\/2023\/09\/Smuk-Grutte-Bell-16.jpg&#8221; title_text=&#8221;Smuk Grutte Bell (16)&#8221; _builder_version=&#8221;4.25.1&#8243; _module_preset=&#8221;default&#8221; border_width_all=&#8221;2px&#8221; border_color_all=&#8221;#FFFFFF&#8221; global_colors_info=&#8221;{}&#8221;][\/et_pb_image][\/et_pb_column][et_pb_column type=&#8221;1_4&#8243; _builder_version=&#8221;4.16&#8243; _module_preset=&#8221;default&#8221; global_colors_info=&#8221;{}&#8221;][et_pb_image src=&#8221;https:\/\/smuk.nl\/wp-content\/uploads\/2023\/09\/Smuk-Grutte-Bell-14.jpg&#8221; title_text=&#8221;Smuk Grutte Bell (14)&#8221; _builder_version=&#8221;4.22.2&#8243; _module_preset=&#8221;default&#8221; border_width_all=&#8221;2px&#8221; border_color_all=&#8221;#FFFFFF&#8221; global_colors_info=&#8221;{}&#8221;][\/et_pb_image][et_pb_image src=&#8221;https:\/\/smuk.nl\/wp-content\/uploads\/2021\/11\/SMUK-icoontje-Hottub-01-01-300&#215;300.png&#8221; title_text=&#8221;SMUK-icoontje-Hottub-01-01&#8243; disabled_on=&#8221;on|on|off&#8221; _builder_version=&#8221;4.16&#8243; _module_preset=&#8221;default&#8221; width=&#8221;100%&#8221; custom_margin=&#8221;-100px||||false|false&#8221; scroll_vertical_motion=&#8221;0|50|50|97|4|0|-4&#8243; scroll_horizontal_motion_enable=&#8221;on&#8221; global_colors_info=&#8221;{}&#8221;][\/et_pb_image][\/et_pb_column][et_pb_column type=&#8221;1_4&#8243; _builder_version=&#8221;4.16&#8243; _module_preset=&#8221;default&#8221; global_colors_info=&#8221;{}&#8221;][et_pb_image src=&#8221;https:\/\/smuk.nl\/wp-content\/uploads\/2024\/06\/Buitenkeuken-bell-tent-scaled.jpg&#8221; title_text=&#8221;Buitenkeuken bell tent&#8221; _builder_version=&#8221;4.25.1&#8243; _module_preset=&#8221;default&#8221; border_width_all=&#8221;2px&#8221; border_color_all=&#8221;#FFFFFF&#8221; global_colors_info=&#8221;{}&#8221;][\/et_pb_image][\/et_pb_column][et_pb_column type=&#8221;1_4&#8243; _builder_version=&#8221;4.16&#8243; _module_preset=&#8221;default&#8221; global_colors_info=&#8221;{}&#8221;][et_pb_image src=&#8221;https:\/\/smuk.nl\/wp-content\/uploads\/2024\/06\/Buiten-leven-glamping-smuk-recreatie.jpg&#8221; title_text=&#8221;Buiten leven glamping smuk recreatie&#8221; _builder_version=&#8221;4.25.1&#8243; _module_preset=&#8221;default&#8221; border_width_all=&#8221;2px&#8221; border_color_all=&#8221;#FFFFFF&#8221; global_colors_info=&#8221;{}&#8221;][\/et_pb_image][\/et_pb_column][\/et_pb_row][\/et_pb_section][et_pb_section fb_built=&#8221;1&#8243; module_id=&#8221;boeken&#8221; module_class=&#8221;boeken&#8221; _builder_version=&#8221;4.16&#8243; _module_preset=&#8221;default&#8221; background_color=&#8221;#ABA499&#8243; custom_margin=&#8221;0px||0px||true|false&#8221; custom_padding=&#8221;0px||0px||true|false&#8221; global_colors_info=&#8221;{}&#8221;][et_pb_row _builder_version=&#8221;4.16&#8243; _module_preset=&#8221;default&#8221; global_colors_info=&#8221;{}&#8221;][et_pb_column type=&#8221;4_4&#8243; _builder_version=&#8221;4.16&#8243; _module_preset=&#8221;default&#8221; global_colors_info=&#8221;{}&#8221;][et_pb_code admin_label=&#8221;Code Online-Buchung&#8221; _builder_version=&#8221;4.27.4&#8243; _module_preset=&#8221;default&#8221; custom_padding=&#8221;50px|20px||20px|false|true&#8221; saved_tabs=&#8221;all&#8221; locked=&#8221;off&#8221; global_colors_info=&#8221;{}&#8221;]<\/p>\n<div id=\"TommyBookingSupport\"<!-- [et_pb_line_break_holder] -->    data-widget=&#8221;boeken&#8221;<!-- [et_pb_line_break_holder] -->    data-apikey=&#8221;0258177156a9969969739bb1fd01f8fa55490e292db9888db4517cc9ea742f7e&#8221;<!-- [et_pb_line_break_holder] -->    data-account=&#8221;Smukrecreatie&#8221;<!-- [et_pb_line_break_holder] -->    data-language=&#8217;de&#8217;<!-- [et_pb_line_break_holder] -->    data-country=&#8217;nl&#8217;<!-- [et_pb_line_break_holder] -->    data-accommodatie=&#8217;54585&#8242;<!-- [et_pb_line_break_holder] -->><!-- [et_pb_line_break_holder] --><\/div>\n<p><!-- [et_pb_line_break_holder] --><script src=\"https:\/\/api.tommybookingsupport.com\/widgets\/js\/widget.js\"<!-- [et_pb_line_break_holder] -->        type=\"application\/javascript\" language=\"javascript\"><\/script>[\/et_pb_code][\/et_pb_column][\/et_pb_row][\/et_pb_section][et_pb_section fb_built=&#8221;1&#8243; admin_label=&#8221;Testimonial&#8221; _builder_version=&#8221;4.16&#8243; _module_preset=&#8221;default&#8221; background_color=&#8221;#ABA499&#8243; background_image=&#8221;https:\/\/smuk.nl\/wp-content\/uploads\/2021\/10\/Apothecary-007.png&#8221; background_enable_image=&#8221;off&#8221; custom_padding=&#8221;||1px|||&#8221; global_colors_info=&#8221;{}&#8221;][et_pb_row column_structure=&#8221;2_3,1_3&#8243; use_custom_gutter=&#8221;on&#8221; gutter_width=&#8221;1&#8243; make_equal=&#8221;on&#8221; _builder_version=&#8221;4.16&#8243; _module_preset=&#8221;default&#8221; background_color=&#8221;RGBA(210,206,194,0.5)&#8221; background_image=&#8221;https:\/\/smuk.nl\/wp-content\/uploads\/2021\/10\/weekendje-friesland-02-294&#215;300.png&#8221; background_size=&#8221;initial&#8221; background_repeat=&#8221;repeat&#8221; width=&#8221;100%&#8221; max_width=&#8221;none&#8221; custom_padding=&#8221;0px||0px||true|false&#8221; locked=&#8221;off&#8221; global_colors_info=&#8221;{%22gcid-c3420a31-1388-4e8b-a561-1f9aea2e2ec9%22:%91%93}&#8221;][et_pb_column type=&#8221;2_3&#8243; _builder_version=&#8221;4.16&#8243; _module_preset=&#8221;default&#8221; custom_padding=&#8221;8%|10%|8%|10%|true|true&#8221; custom_padding_tablet=&#8221;80px|40px|80px|40px|true|true&#8221; custom_padding_phone=&#8221;60px|30px|60px|30px|true|true&#8221; custom_padding_last_edited=&#8221;on|phone&#8221; border_width_all=&#8221;20px&#8221; border_color_all=&#8221;RGBA(0,0,0,0)&#8221; global_colors_info=&#8221;null&#8221;][et_pb_text _builder_version=&#8221;4.16&#8243; _module_preset=&#8221;760c4b6f-39cd-4a11-a4ea-d6d065fabf23&#8243; header_2_font=&#8221;Finland Rounded|900|||||||&#8221; header_2_text_color=&#8221;#7F634E&#8221; header_2_font_size=&#8221;60px&#8221; header_2_line_height=&#8221;1.4em&#8221; text_orientation=&#8221;center&#8221; custom_margin=&#8221;||0px||false|false&#8221; header_2_font_size_tablet=&#8221;30px&#8221; header_2_font_size_phone=&#8221;40px&#8221; header_2_font_size_last_edited=&#8221;on|phone&#8221; global_colors_info=&#8221;{%22gcid-7dd47f7c-8876-4bcb-be01-39e2a94f2875%22:%91%93}&#8221;]<\/p>\n<h2>gem\u00fctlich.<br \/>Entspannung.<br \/>frisch.<\/h2>\n<p>[\/et_pb_text][et_pb_button button_url=&#8221;@ET-DC@eyJkeW5hbWljIjp0cnVlLCJjb250ZW50IjoicG9zdF9saW5rX3VybF9wYWdlIiwic2V0dGluZ3MiOnsicG9zdF9pZCI6IjQwMyJ9fQ==@&#8221; button_text=&#8221;Buchen Sie jetzt Ihren Aufenthalt&#8221; button_alignment=&#8221;center&#8221; _builder_version=&#8221;4.27.4&#8243; _dynamic_attributes=&#8221;button_url&#8221; _module_preset=&#8221;b9ae5379-ad3e-4160-945a-f2ee350dc5f5&#8243; custom_button=&#8221;on&#8221; button_text_size=&#8221;14px&#8221; button_text_color=&#8221;#FFFFFF&#8221; button_bg_color=&#8221;#8A8E75&#8243; button_border_width=&#8221;0px&#8221; button_border_radius=&#8221;0px&#8221; button_letter_spacing=&#8221;2px&#8221; button_font=&#8221;|600||on|||||&#8221; button_use_icon=&#8221;off&#8221; background_layout=&#8221;dark&#8221; custom_padding=&#8221;16px|30px|16px|30px|true|true&#8221; global_colors_info=&#8221;{}&#8221;][\/et_pb_button][\/et_pb_column][et_pb_column type=&#8221;1_3&#8243; _builder_version=&#8221;4.16&#8243; _module_preset=&#8221;default&#8221; background_image=&#8221;https:\/\/smuk.nl\/wp-content\/uploads\/2021\/10\/Smuk-recreatie-nachtje-weg-10.jpg&#8221; global_colors_info=&#8221;{}&#8221;][et_pb_image src=&#8221;https:\/\/smuk.nl\/wp-content\/uploads\/2023\/09\/Smuk-Grutte-Bell-19.jpg&#8221; title_text=&#8221;Smuk Grutte Bell (19)&#8221; _builder_version=&#8221;4.22.2&#8243; _module_preset=&#8221;default&#8221; global_colors_info=&#8221;{}&#8221;][\/et_pb_image][\/et_pb_column][\/et_pb_row][\/et_pb_section]<\/p>\n","protected":false},"excerpt":{"rendered":"<p>Wundersch\u00f6n sind sie, die Bell-Zelte aus echter Baumwolle. Wir haben 3 gro\u00dfe Glockenzelte, deren \u00d6ffnung auf die weiten Felder gerichtet ist. Es ist eine sch\u00f6ne Unterkunft, denn was gibt es Sch\u00f6neres als die frische Morgenluft und den Klang der V\u00f6gel am Morgen oder ein vorbeifahrendes Boot zu beobachten?<br \/>\nDas Grutte Bell ist ein gro\u00dfes Bell-Zelt f\u00fcr 4 Personen.<br \/>\nDie Zelte sind wundersch\u00f6n mit nat\u00fcrlichen Materialien dekoriert, haben flie\u00dfendes Wasser im Freien, eine Au\u00dfenk\u00fcche und eine private Terrasse. Es gibt einen kleinen Lichtblick im Zelt.<br \/>\nDie Zelte haben ger\u00e4umige Stellpl\u00e4tze und, dank der sch\u00f6nen Vegetation, echte Privatsph\u00e4re und die beste Aussicht<br \/>\nIn diesen Grutte-Zelten haben Sie Zugang zu einer privaten Dusche<\/p>\n","protected":false},"author":1,"featured_media":4291,"parent":0,"menu_order":0,"comment_status":"closed","ping_status":"closed","template":"","meta":{"_acf_changed":false,"_et_pb_use_builder":"on","_et_pb_old_content":"","_et_gb_content_width":"","footnotes":""},"class_list":["post-3080","page","type-page","status-publish","has-post-thumbnail","hentry"],"acf":[],"_links":{"self":[{"href":"https:\/\/smuk.nl\/de\/wp-json\/wp\/v2\/pages\/3080","targetHints":{"allow":["GET"]}}],"collection":[{"href":"https:\/\/smuk.nl\/de\/wp-json\/wp\/v2\/pages"}],"about":[{"href":"https:\/\/smuk.nl\/de\/wp-json\/wp\/v2\/types\/page"}],"author":[{"embeddable":true,"href":"https:\/\/smuk.nl\/de\/wp-json\/wp\/v2\/users\/1"}],"replies":[{"embeddable":true,"href":"https:\/\/smuk.nl\/de\/wp-json\/wp\/v2\/comments?post=3080"}],"version-history":[{"count":3,"href":"https:\/\/smuk.nl\/de\/wp-json\/wp\/v2\/pages\/3080\/revisions"}],"predecessor-version":[{"id":5334,"href":"https:\/\/smuk.nl\/de\/wp-json\/wp\/v2\/pages\/3080\/revisions\/5334"}],"wp:featuredmedia":[{"embeddable":true,"href":"https:\/\/smuk.nl\/de\/wp-json\/wp\/v2\/media\/4291"}],"wp:attachment":[{"href":"https:\/\/smuk.nl\/de\/wp-json\/wp\/v2\/media?parent=3080"}],"curies":[{"name":"wp","href":"https:\/\/api.w.org\/{rel}","templated":true}]}}