{"id":3109,"date":"2022-01-18T12:15:21","date_gmt":"2022-01-18T12:15:21","guid":{"rendered":"https:\/\/smuk.nl\/bauernbett-zelthaus\/"},"modified":"2023-11-09T14:05:02","modified_gmt":"2023-11-09T14:05:02","slug":"bauernbett-zelthaus","status":"publish","type":"page","link":"https:\/\/smuk.nl\/de\/bauernbett-zelthaus\/","title":{"rendered":"Bauernbett-Zelthaus"},"content":{"rendered":"<p>[et_pb_section fb_built=&#8221;1&#8243; admin_label=&#8221;Header&#8221; _builder_version=&#8221;4.16&#8243; _module_preset=&#8221;default&#8221; background_enable_color=&#8221;off&#8221; use_background_color_gradient=&#8221;on&#8221; background_color_gradient_direction=&#8221;270deg&#8221; background_color_gradient_stops=&#8221;rgba(210,206,194,0.5) 30%|rgba(210,206,194,0.26) 30%&#8221; background_color_gradient_start=&#8221;rgba(210,206,194,0.5)&#8221; background_color_gradient_start_position=&#8221;30%&#8221; background_color_gradient_end=&#8221;rgba(210,206,194,0.26)&#8221; background_color_gradient_end_position=&#8221;0%&#8221; background_image=&#8221;https:\/\/smuk.nl\/wp-content\/uploads\/2021\/10\/Apothecary-007.png&#8221; background_enable_image=&#8221;off&#8221; custom_padding=&#8221;0px||0px|||&#8221; background_color_phone=&#8221;#ABA499&#8243; background_last_edited=&#8221;on|phone&#8221; background_enable_color_phone=&#8221;on&#8221; use_background_color_gradient_phone=&#8221;off&#8221; global_colors_info=&#8221;{}&#8221;][et_pb_row column_structure=&#8221;2_5,3_5&#8243; _builder_version=&#8221;4.16&#8243; _module_preset=&#8221;default&#8221; custom_padding=&#8221;0px||0px|||&#8221; global_colors_info=&#8221;{}&#8221;][et_pb_column type=&#8221;2_5&#8243; _builder_version=&#8221;4.16&#8243; _module_preset=&#8221;default&#8221; z_index=&#8221;10&#8243; global_colors_info=&#8221;{}&#8221;][et_pb_text _builder_version=&#8221;4.16&#8243; _module_preset=&#8221;b7636b4c-c928-4893-a98f-cfa9abbf40f3&#8243; header_font=&#8221;Finland Rounded|||on|||||&#8221; header_text_color=&#8221;#938A80&#8243; header_font_size=&#8221;80px&#8221; header_line_height=&#8221;1.2em&#8221; min_height=&#8221;148.6px&#8221; custom_margin=&#8221;0px|-50%||-32px|false|false&#8221; custom_margin_tablet=&#8221;&#8221; custom_margin_phone=&#8221;&#8221; custom_margin_last_edited=&#8221;on|tablet&#8221; custom_padding=&#8221;10%|0px||32px|false|false&#8221; custom_padding_tablet=&#8221;&#8221; custom_padding_phone=&#8221;&#8221; custom_padding_last_edited=&#8221;on|tablet&#8221; header_text_color_tablet=&#8221;&#8221; header_text_color_phone=&#8221;#FFFFFF&#8221; header_text_color_last_edited=&#8221;on|phone&#8221; header_font_size_tablet=&#8221;60px&#8221; header_font_size_phone=&#8221;40px&#8221; header_font_size_last_edited=&#8221;on|phone&#8221; border_width_left=&#8221;4px&#8221; border_color_left=&#8221;#938A80&#8243; locked=&#8221;off&#8221; global_colors_info=&#8221;{%22gcid-7dd47f7c-8876-4bcb-be01-39e2a94f2875%22:%91%93}&#8221;]<\/p>\n<h1>Zelthuske<\/h1>\n<p>[\/et_pb_text][et_pb_text _builder_version=&#8221;4.16&#8243; _module_preset=&#8221;afe8fc41-dc70-4bf1-b625-17644c79cbc3&#8243; text_font=&#8221;||||||||&#8221; text_text_color=&#8221;#000000&#8243; text_font_size=&#8221;16px&#8221; text_line_height=&#8221;2em&#8221; text_font_size_tablet=&#8221;14px&#8221; text_font_size_phone=&#8221;12px&#8221; text_font_size_last_edited=&#8221;on|phone&#8221; locked=&#8221;off&#8221; global_colors_info=&#8221;{}&#8221;]<\/p>\n<p><strong>Die Bauernbett-Zeltcottages haben alle freien Blick \u00fcber die Wiese oder auf das Wasser.<\/strong> Nach einem kurzen Spaziergang, vorbei an Blumenbeeten und K\u00fchen, erreichen Sie die Anlegestelle am Pier Christiaansloot. Dort gibt es elektrische<strong> Schaluppen und Kanus<\/strong>. Entlang dieses Kanals geht es weiter zum Dorf Echtenerbrug\/Delfstrahuizen und zum Strand am Tjeukemeer.<\/p>\n<p>Wir haben an alles gedacht!<\/p>\n<p>In den <strong>Zeltcottages auf dem Bauernhof<\/strong> wartet wirklich alles auf Sie. Das Zelthaus hat flie\u00dfendes Wasser, eine Toilette mit Wassersp\u00fclung und eine eigene Dusche. In der K\u00fcche finden Sie alles, was Sie brauchen: T\u00f6pfe und Pfannen, Schneidebretter und Besteck. Au\u00dferdem erwarten Sie blitzsaubere Handt\u00fccher und Bettzeug. Sie schlafen in einem richtigen Bett mit guten Matratzen und einer sch\u00f6nen Bettdecke. Ein Leben ohne Luxus muss bequem bleiben, schlie\u00dflich ist es ein Urlaub.<\/p>\n<p>&nbsp;<\/p>\n<p>[\/et_pb_text][\/et_pb_column][et_pb_column type=&#8221;3_5&#8243; _builder_version=&#8221;4.16&#8243; _module_preset=&#8221;default&#8221; custom_padding=&#8221;60px||||false|false&#8221; global_colors_info=&#8221;{}&#8221;][et_pb_image src=&#8221;https:\/\/smuk.nl\/wp-content\/uploads\/2022\/01\/smuk-boerenbed-hoeve-waterschap-tenthuisje.jpg&#8221; title_text=&#8221;smuk bauernhaus bett wasserbrett zelt haus&#8221; _builder_version=&#8221;4.16&#8243; _module_preset=&#8221;default&#8221; global_colors_info=&#8221;{}&#8221;][\/et_pb_image][et_pb_button button_url=&#8221;https:\/\/www.boerenbed.nl\/hoeve-waterschap-tjeukemeer-friesland?scid=11896&#8243; url_new_window=&#8221;on&#8221; button_text=&#8221;Buchen Sie eine Zelth\u00fctte!&#8221; button_alignment_tablet=&#8221;&#8221; button_alignment_phone=&#8221;center&#8221; button_alignment_last_edited=&#8221;on|phone&#8221; _builder_version=&#8221;4.16&#8243; _module_preset=&#8221;b9ae5379-ad3e-4160-945a-f2ee350dc5f5&#8243; custom_button=&#8221;on&#8221; button_text_size=&#8221;14px&#8221; button_text_color=&#8221;#FFFFFF&#8221; button_bg_color=&#8221;#7F634E&#8221; button_border_width=&#8221;0px&#8221; button_border_radius=&#8221;0px&#8221; button_letter_spacing=&#8221;2px&#8221; button_font=&#8221;|600||on|||||&#8221; button_use_icon=&#8221;off&#8221; background_layout=&#8221;dark&#8221; custom_margin=&#8221;45px|||||&#8221; custom_margin_tablet=&#8221;&#8221; custom_margin_phone=&#8221;30px||30px||true|false&#8221; custom_margin_last_edited=&#8221;on|phone&#8221; custom_padding=&#8221;16px|30px|16px|30px|true|true&#8221; global_colors_info=&#8221;{}&#8221;][\/et_pb_button][\/et_pb_column][\/et_pb_row][\/et_pb_section][et_pb_section fb_built=&#8221;1&#8243; admin_label=&#8221;Products&#8221; _builder_version=&#8221;4.16&#8243; _module_preset=&#8221;default&#8221; background_color=&#8221;rgba(210,206,194,0.26)&#8221; background_image=&#8221;https:\/\/smuk.nl\/wp-content\/uploads\/2021\/11\/SMUK-icoontje-Camper-01-300&#215;300.png&#8221; background_size=&#8221;initial&#8221; background_position=&#8221;bottom_right&#8221; custom_padding=&#8221;4px|0px|2px|||&#8221; global_colors_info=&#8221;{}&#8221;][et_pb_row column_structure=&#8221;2_5,3_5&#8243; use_custom_gutter=&#8221;on&#8221; gutter_width=&#8221;4&#8243; custom_padding_last_edited=&#8221;on|phone&#8221; _builder_version=&#8221;4.16&#8243; _module_preset=&#8221;default&#8221; custom_padding=&#8221;70px|||||&#8221; custom_padding_tablet=&#8221;&#8221; custom_padding_phone=&#8221;0px||||false|false&#8221; global_colors_info=&#8221;{}&#8221;][et_pb_column type=&#8221;2_5&#8243; _builder_version=&#8221;4.16&#8243; _module_preset=&#8221;default&#8221; global_colors_info=&#8221;{}&#8221;][et_pb_image src=&#8221;https:\/\/smuk.nl\/wp-content\/uploads\/2022\/01\/smuk-boerenbed-Hoeve-Waterschap-Fries-Tjitske.webp&#8221; title_text=&#8221;smuk Bauernbett Hoeve-Watership-Fries-Tjitske&#8221; disabled_on=&#8221;on|off|off&#8221; _builder_version=&#8221;4.16&#8243; _module_preset=&#8221;default&#8221; max_width_tablet=&#8221;300px&#8221; max_width_phone=&#8221;150px&#8221; max_width_last_edited=&#8221;on|phone&#8221; custom_margin=&#8221;|||-10vw|false|false&#8221; custom_margin_tablet=&#8221;|||0vw|false|false&#8221; custom_margin_phone=&#8221;&#8221; custom_margin_last_edited=&#8221;on|tablet&#8221; custom_padding=&#8221;||||false|false&#8221; global_colors_info=&#8221;{}&#8221;][\/et_pb_image][\/et_pb_column][et_pb_column type=&#8221;3_5&#8243; _builder_version=&#8221;4.16&#8243; _module_preset=&#8221;default&#8221; global_colors_info=&#8221;{}&#8221;][et_pb_text _builder_version=&#8221;4.16&#8243; _module_preset=&#8221;01e193d8-ba71-4632-9359-6d4dcd6e5404&#8243; header_2_font=&#8221;Finland Rounded||||||||&#8221; header_2_text_color=&#8221;#938A80&#8243; header_2_font_size=&#8221;45px&#8221; header_2_line_height=&#8221;1.2em&#8221; max_width=&#8221;100%&#8221; custom_margin=&#8221;||-2px|||&#8221; header_2_font_size_tablet=&#8221;60px&#8221; header_2_font_size_phone=&#8221;30px&#8221; header_2_font_size_last_edited=&#8221;on|phone&#8221; locked=&#8221;off&#8221; global_colors_info=&#8221;{}&#8221;]<\/p>\n<h2>sich beruhigen<\/h2>\n<p>[\/et_pb_text][et_pb_text _builder_version=&#8221;4.16&#8243; _module_preset=&#8221;60257f16-a5af-4542-8569-0d881bd6f86a&#8221; text_font=&#8221;|500|||||||&#8221; text_text_color=&#8221;#000000&#8243; text_font_size=&#8221;16px&#8221; text_line_height=&#8221;2em&#8221; custom_margin=&#8221;-1px||||false|false&#8221; custom_margin_tablet=&#8221;|||0%|false|false&#8221; custom_margin_phone=&#8221;&#8221; custom_margin_last_edited=&#8221;on|tablet&#8221; text_font_size_tablet=&#8221;18px&#8221; text_font_size_phone=&#8221;12px&#8221; text_font_size_last_edited=&#8221;on|tablet&#8221; locked=&#8221;off&#8221; global_colors_info=&#8221;{%22gcid-7dd47f7c-8876-4bcb-be01-39e2a94f2875%22:%91%93}&#8221;]<\/p>\n<p>Um sich zu entspannen, braucht man fast nichts. Lassen Sie Ihre Gedanken zur Ruhe kommen und genie\u00dfen Sie den einfachen Luxus: ein Holzfeuer, \u00d6llampen und Kerzen. Gem\u00fctlich, hm?<\/p>\n<p>Haben Sie Lust, etwas zu erleben? Ein gutes Gespr\u00e4ch mit muhenden K\u00fchen oder einem streunenden Huhn bei einem Besuch: Ein Aufenthalt im BoerenBed ist der schnellste Weg, um v\u00f6llig aus dem Kopf zu kommen. Kaufen Sie im Hofladen frische Produkte und kochen Sie Ihr eigenes Essen auf dem Holzfeuer. Schmackhaft, einfach<\/p>\n<p>[\/et_pb_text][et_pb_blurb title=&#8221;Jedes Zelthaus hat einen Holzofen!&#8221; use_icon=&#8221;on&#8221; font_icon=&#8221;&#xe030;||divi||400&#8243; icon_color=&#8221;#7F634E&#8221; icon_placement=&#8221;left&#8221; content_max_width=&#8221;100%&#8221; _builder_version=&#8221;4.16&#8243; _module_preset=&#8221;default&#8221; header_font=&#8221;Orator|500|||||||&#8221; header_font_size=&#8221;18px&#8221; header_line_height=&#8221;1.7em&#8221; custom_margin=&#8221;||30px||false|false&#8221; custom_padding=&#8221;||15px||false|false&#8221; animation=&#8221;off&#8221; header_font_size_tablet=&#8221;15px&#8221; header_font_size_phone=&#8221;14px&#8221; header_font_size_last_edited=&#8221;on|phone&#8221; border_color_all=&#8221;gcid-ca8f36b4-7d82-4535-8660-051c5535138b&#8221; border_width_bottom=&#8221;2px&#8221; global_colors_info=&#8221;{%22gcid-014e3532-9762-4529-8ecb-e1464cb9fe6d%22:%91%93}&#8221;][\/et_pb_blurb][et_pb_blurb title=&#8221;Mieten Sie den Whirlpool f\u00fcr zus\u00e4tzliche Entspannung&#8221; use_icon=&#8221;on&#8221; font_icon=&#8221;&#xf3b1;||fa||400&#8243; icon_color=&#8221;#7F634E&#8221; icon_placement=&#8221;left&#8221; content_max_width=&#8221;100%&#8221; _builder_version=&#8221;4.16&#8243; _module_preset=&#8221;default&#8221; header_font=&#8221;Orator|500|||||||&#8221; header_font_size=&#8221;18px&#8221; header_line_height=&#8221;1.7em&#8221; custom_margin=&#8221;||30px||false|false&#8221; custom_padding=&#8221;||15px||false|false&#8221; animation=&#8221;off&#8221; header_font_size_tablet=&#8221;15px&#8221; header_font_size_phone=&#8221;14px&#8221; header_font_size_last_edited=&#8221;on|phone&#8221; border_color_all=&#8221;gcid-ca8f36b4-7d82-4535-8660-051c5535138b&#8221; border_width_bottom=&#8221;2px&#8221; global_colors_info=&#8221;{%22gcid-014e3532-9762-4529-8ecb-e1464cb9fe6d%22:%91%93}&#8221;][\/et_pb_blurb][et_pb_blurb title=&#8221;Sch\u00f6n zu allen Jahreszeiten&#8221; use_icon=&#8221;on&#8221; font_icon=&#8221;&#xf14a;||fa||400&#8243; icon_color=&#8221;#7F634E&#8221; icon_placement=&#8221;left&#8221; content_max_width=&#8221;100%&#8221; _builder_version=&#8221;4.16&#8243; _module_preset=&#8221;default&#8221; header_font=&#8221;Orator|500|||||||&#8221; header_font_size=&#8221;18px&#8221; header_line_height=&#8221;1.7em&#8221; custom_margin=&#8221;||30px||false|false&#8221; custom_padding=&#8221;||15px||false|false&#8221; animation=&#8221;off&#8221; header_font_size_tablet=&#8221;15px&#8221; header_font_size_phone=&#8221;14px&#8221; header_font_size_last_edited=&#8221;on|phone&#8221; border_color_all=&#8221;gcid-ca8f36b4-7d82-4535-8660-051c5535138b&#8221; border_width_bottom=&#8221;2px&#8221; global_colors_info=&#8221;{%22gcid-014e3532-9762-4529-8ecb-e1464cb9fe6d%22:%91%93}&#8221;][\/et_pb_blurb][et_pb_blurb title=&#8221;Der Rhythmus des l\u00e4ndlichen Raums&#8221; use_icon=&#8221;on&#8221; font_icon=&#8221;&#xf372;||fa||400&#8243; icon_color=&#8221;#7F634E&#8221; icon_placement=&#8221;left&#8221; content_max_width=&#8221;100%&#8221; _builder_version=&#8221;4.16&#8243; _module_preset=&#8221;default&#8221; header_font=&#8221;Orator|500|||||||&#8221; header_font_size=&#8221;18px&#8221; header_line_height=&#8221;1.7em&#8221; custom_margin=&#8221;||30px||false|false&#8221; custom_padding=&#8221;||15px||false|false&#8221; animation=&#8221;off&#8221; header_font_size_tablet=&#8221;15px&#8221; header_font_size_phone=&#8221;14px&#8221; header_font_size_last_edited=&#8221;on|phone&#8221; border_color_all=&#8221;gcid-ca8f36b4-7d82-4535-8660-051c5535138b&#8221; border_width_bottom=&#8221;2px&#8221; global_colors_info=&#8221;{%22gcid-014e3532-9762-4529-8ecb-e1464cb9fe6d%22:%91%93}&#8221;][\/et_pb_blurb][et_pb_blurb title=&#8221;Kochnische mit flie\u00dfendem kaltem Trinkwasser&#8221; use_icon=&#8221;on&#8221; font_icon=&#8221;&#x24;||divi||400&#8243; icon_color=&#8221;#7F634E&#8221; icon_placement=&#8221;left&#8221; content_max_width=&#8221;100%&#8221; _builder_version=&#8221;4.16&#8243; _module_preset=&#8221;default&#8221; header_font=&#8221;Orator|500|||||||&#8221; header_font_size=&#8221;18px&#8221; header_line_height=&#8221;1.7em&#8221; custom_margin=&#8221;||30px||false|false&#8221; custom_padding=&#8221;||15px||false|false&#8221; animation=&#8221;off&#8221; header_font_size_tablet=&#8221;15px&#8221; header_font_size_phone=&#8221;14px&#8221; header_font_size_last_edited=&#8221;on|phone&#8221; border_color_all=&#8221;gcid-ca8f36b4-7d82-4535-8660-051c5535138b&#8221; border_width_bottom=&#8221;2px&#8221; global_colors_info=&#8221;{%22gcid-014e3532-9762-4529-8ecb-e1464cb9fe6d%22:%91%93}&#8221;][\/et_pb_blurb][et_pb_blurb title=&#8221;Bringen Sie Ihren vierbeinigen Freund mit*&#8221; image=&#8221;https:\/\/smuk.nl\/wp-content\/uploads\/2022\/09\/hond-bij-Smuk-recreatie.png&#8221; icon_placement=&#8221;left&#8221; content_max_width=&#8221;100%&#8221; admin_label=&#8221;Hond toegestaan tekst + icoon&#8221; _builder_version=&#8221;4.18.0&#8243; _module_preset=&#8221;default&#8221; header_font=&#8221;Orator|500|||||||&#8221; header_font_size=&#8221;18px&#8221; header_line_height=&#8221;1.7em&#8221; custom_margin=&#8221;||30px||false|false&#8221; custom_padding=&#8221;||15px||false|false&#8221; animation=&#8221;off&#8221; header_font_size_tablet=&#8221;15px&#8221; header_font_size_phone=&#8221;14px&#8221; header_font_size_last_edited=&#8221;on|phone&#8221; border_color_all=&#8221;gcid-ca8f36b4-7d82-4535-8660-051c5535138b&#8221; border_width_bottom=&#8221;2px&#8221; global_colors_info=&#8221;{%22gcid-014e3532-9762-4529-8ecb-e1464cb9fe6d%22:%91%93}&#8221; global_module=&#8221;1894&#8243; theme_builder_area=&#8221;post_content&#8221;]<\/p>\n<p>*Let wel een hond is alleen toegestaan (mits aangelijnd) bij kamperen en boerentent huisje\/ bij Sm\u00fbk Huske en Sm\u00fbk Tent mogen geen huisdieren! Deze zijn huisdier vrij.<\/p>\n<p>[\/et_pb_blurb][\/et_pb_column][\/et_pb_row][et_pb_row column_structure=&#8221;1_2,1_2&#8243; _builder_version=&#8221;4.16&#8243; _module_preset=&#8221;default&#8221; custom_padding=&#8221;||76px|||&#8221; global_colors_info=&#8221;{}&#8221;][et_pb_column type=&#8221;1_2&#8243; _builder_version=&#8221;4.16&#8243; _module_preset=&#8221;default&#8221; global_colors_info=&#8221;{}&#8221;][et_pb_text _builder_version=&#8221;4.16&#8243; _module_preset=&#8221;01e193d8-ba71-4632-9359-6d4dcd6e5404&#8243; header_2_font=&#8221;Finland Rounded||||||||&#8221; header_2_text_color=&#8221;#938A80&#8243; header_2_font_size=&#8221;45px&#8221; header_2_line_height=&#8221;1.2em&#8221; max_width=&#8221;100%&#8221; custom_margin=&#8221;||-2px|||&#8221; header_2_font_size_tablet=&#8221;60px&#8221; header_2_font_size_phone=&#8221;30px&#8221; header_2_font_size_last_edited=&#8221;on|phone&#8221; locked=&#8221;off&#8221; global_colors_info=&#8221;{}&#8221;]<\/p>\n<h2>Die F\u00fc\u00dfe im Gras<\/h2>\n<p>[\/et_pb_text][et_pb_text _builder_version=&#8221;4.16&#8243; _module_preset=&#8221;60257f16-a5af-4542-8569-0d881bd6f86a&#8221; text_font=&#8221;|500|||||||&#8221; text_text_color=&#8221;#000000&#8243; text_font_size=&#8221;16px&#8221; text_line_height=&#8221;2em&#8221; custom_margin=&#8221;-1px||||false|false&#8221; custom_margin_tablet=&#8221;|||0%|false|false&#8221; custom_margin_phone=&#8221;&#8221; custom_margin_last_edited=&#8221;on|tablet&#8221; text_font_size_tablet=&#8221;18px&#8221; text_font_size_phone=&#8221;12px&#8221; text_font_size_last_edited=&#8221;on|tablet&#8221; locked=&#8221;off&#8221; global_colors_info=&#8221;{%22gcid-7dd47f7c-8876-4bcb-be01-39e2a94f2875%22:%91%93}&#8221;]<\/p>\n<p>Bei einem Urlaub auf BoerenBed <b>ist die Natur <\/b>allgegenw\u00e4rtig. Die frische Luft im Freien bl\u00e4st Ihre Gedanken in den Hintergrund, w\u00e4hrend Sie stundenlang die Aussicht genie\u00dfen. Mehr Natur f\u00fcr Ihr Zelt? Es ist ein Kinderspiel: \u00d6ffnen Sie die Seiten des Zelthauses und lassen Sie das Gr\u00fcn herein. Sie haben viel Platz um Ihr Zelthaus herum, ein bisschen Privatsph\u00e4re ist auch sch\u00f6n<\/p>\n<p>&nbsp;<\/p>\n<p>[\/et_pb_text][\/et_pb_column][et_pb_column type=&#8221;1_2&#8243; _builder_version=&#8221;4.16&#8243; _module_preset=&#8221;default&#8221; global_colors_info=&#8221;{}&#8221;][et_pb_text _builder_version=&#8221;4.16&#8243; _module_preset=&#8221;60257f16-a5af-4542-8569-0d881bd6f86a&#8221; text_font=&#8221;|500|||||||&#8221; text_text_color=&#8221;#000000&#8243; text_font_size=&#8221;16px&#8221; text_line_height=&#8221;2em&#8221; custom_margin=&#8221;60px||||false|false&#8221; custom_margin_tablet=&#8221;|||0%|false|false&#8221; custom_margin_phone=&#8221;0px||0px||false|false&#8221; custom_margin_last_edited=&#8221;on|tablet&#8221; custom_padding=&#8221;0px||||false|false&#8221; text_font_size_tablet=&#8221;18px&#8221; text_font_size_phone=&#8221;12px&#8221; text_font_size_last_edited=&#8221;on|tablet&#8221; locked=&#8221;off&#8221; global_colors_info=&#8221;{%22gcid-7dd47f7c-8876-4bcb-be01-39e2a94f2875%22:%91%93}&#8221;]<\/p>\n<p><strong>Haben Sie Lust, den ganzen Tag in einem Whirlpool zu faulenzen?<\/strong> Dann buchen Sie eines mit Ihrer Unterkunft! Ihr t\u00e4glicher Gang zum Schuppen, um Holz zu holen, wird Wunder bewirken. Sicherlich ist Wellness viel befriedigender, wenn man selbst mit einem Wagen voller Holz aus dem Schuppen kommt, sich abgem\u00fcht hat, das Bad zu befeuern, und sich dann <strong>die Ruhe verdient hat,<\/strong> die man bekommen kann.<\/p>\n<p>[\/et_pb_text][\/et_pb_column][\/et_pb_row][\/et_pb_section][et_pb_section fb_built=&#8221;1&#8243; custom_padding_last_edited=&#8221;on|phone&#8221; _builder_version=&#8221;4.16&#8243; _module_preset=&#8221;default&#8221; background_color=&#8221;rgba(210,206,194,0.26)&#8221; custom_padding_tablet=&#8221;&#8221; custom_padding_phone=&#8221;0px||4px||false|false&#8221; global_colors_info=&#8221;{}&#8221;][et_pb_row column_structure=&#8221;1_3,1_3,1_3&#8243; use_custom_gutter=&#8221;on&#8221; gutter_width=&#8221;2&#8243; make_equal=&#8221;on&#8221; _builder_version=&#8221;4.16&#8243; _module_preset=&#8221;default&#8221; custom_padding=&#8221;2px|||||&#8221; global_colors_info=&#8221;{}&#8221;][et_pb_column type=&#8221;1_3&#8243; _builder_version=&#8221;4.16&#8243; _module_preset=&#8221;default&#8221; global_colors_info=&#8221;{}&#8221;][et_pb_image src=&#8221;https:\/\/smuk.nl\/wp-content\/uploads\/2022\/01\/smuk-boerenbed-hoeve-waterschap-voor-de-tent-scaled.jpg&#8221; title_text=&#8221;KONICA MINOLTA DIGITALKAMERA&#8221; _builder_version=&#8221;4.16&#8243; _module_preset=&#8221;default&#8221; border_width_all=&#8221;2px&#8221; border_color_all=&#8221;#FFFFFF&#8221; global_colors_info=&#8221;{}&#8221;][\/et_pb_image][et_pb_image src=&#8221;https:\/\/smuk.nl\/wp-content\/uploads\/2021\/11\/SMUK-icoontje-Kampvuur-2-01-300&#215;300.png&#8221; title_text=&#8221;SMUK-icon-Campfire-2-01&#8243; disabled_on=&#8221;on|on|off&#8221; _builder_version=&#8221;4.16&#8243; _module_preset=&#8221;default&#8221; width=&#8221;80%&#8221; width_tablet=&#8221;&#8221; width_phone=&#8221;45%&#8221; width_last_edited=&#8221;on|phone&#8221; custom_margin=&#8221;-60px||||false|false&#8221; custom_padding=&#8221;||0px|||&#8221; scroll_vertical_motion=&#8221;0|50|50|97|4|0|-4&#8243; scroll_horizontal_motion_enable=&#8221;on&#8221; global_colors_info=&#8221;{}&#8221;][\/et_pb_image][\/et_pb_column][et_pb_column type=&#8221;1_3&#8243; _builder_version=&#8221;4.16&#8243; _module_preset=&#8221;default&#8221; global_colors_info=&#8221;{}&#8221;][et_pb_image src=&#8221;https:\/\/smuk.nl\/wp-content\/uploads\/2022\/01\/smuk-boerenbed-hoeve-waterschap-kano.jpg&#8221; title_text=&#8221;smuk farmer&#039;s bed watership canoe&#8221; _builder_version=&#8221;4.16&#8243; _module_preset=&#8221;default&#8221; border_width_all=&#8221;2px&#8221; border_color_all=&#8221;#FFFFFF&#8221; global_colors_info=&#8221;{}&#8221;][\/et_pb_image][\/et_pb_column][et_pb_column type=&#8221;1_3&#8243; _builder_version=&#8221;4.16&#8243; _module_preset=&#8221;default&#8221; global_colors_info=&#8221;{}&#8221;][et_pb_image src=&#8221;https:\/\/smuk.nl\/wp-content\/uploads\/2022\/01\/smuk-boerenbed-hoeve-waterschap-koe-scaled.jpg&#8221; title_text=&#8221;smuk bauernhaus bett watership kuh&#8221; _builder_version=&#8221;4.16&#8243; _module_preset=&#8221;default&#8221; border_width_all=&#8221;2px&#8221; border_color_all=&#8221;#FFFFFF&#8221; global_colors_info=&#8221;{}&#8221;][\/et_pb_image][\/et_pb_column][\/et_pb_row][\/et_pb_section][et_pb_section fb_built=&#8221;1&#8243; admin_label=&#8221;Testimonial&#8221; _builder_version=&#8221;4.16&#8243; _module_preset=&#8221;default&#8221; background_color=&#8221;#ABA499&#8243; background_image=&#8221;https:\/\/smuk.nl\/wp-content\/uploads\/2021\/10\/Apothecary-007.png&#8221; background_enable_image=&#8221;off&#8221; custom_padding=&#8221;0px||1px|||&#8221; global_colors_info=&#8221;{}&#8221;][et_pb_row column_structure=&#8221;2_3,1_3&#8243; use_custom_gutter=&#8221;on&#8221; gutter_width=&#8221;1&#8243; make_equal=&#8221;on&#8221; _builder_version=&#8221;4.16&#8243; _module_preset=&#8221;default&#8221; background_color=&#8221;RGBA(210,206,194,0.5)&#8221; background_image=&#8221;https:\/\/smuk.nl\/wp-content\/uploads\/2021\/10\/weekendje-friesland-02-294&#215;300.png&#8221; background_size=&#8221;initial&#8221; background_repeat=&#8221;repeat&#8221; width=&#8221;100%&#8221; max_width=&#8221;none&#8221; custom_padding=&#8221;0px||0px||true|false&#8221; locked=&#8221;off&#8221; global_colors_info=&#8221;{%22gcid-c3420a31-1388-4e8b-a561-1f9aea2e2ec9%22:%91%93}&#8221;][et_pb_column type=&#8221;2_3&#8243; _builder_version=&#8221;4.16&#8243; _module_preset=&#8221;default&#8221; custom_padding=&#8221;8%|10%|8%|10%|true|true&#8221; custom_padding_tablet=&#8221;80px|40px|80px|40px|true|true&#8221; custom_padding_phone=&#8221;60px|30px|60px|30px|true|true&#8221; custom_padding_last_edited=&#8221;on|phone&#8221; border_width_all=&#8221;20px&#8221; border_color_all=&#8221;RGBA(0,0,0,0)&#8221; global_colors_info=&#8221;null&#8221;][et_pb_text _builder_version=&#8221;4.16&#8243; _module_preset=&#8221;760c4b6f-39cd-4a11-a4ea-d6d065fabf23&#8243; header_2_font=&#8221;Finland Rounded|900|||||||&#8221; header_2_text_color=&#8221;#7F634E&#8221; header_2_font_size=&#8221;60px&#8221; header_2_line_height=&#8221;1.4em&#8221; text_orientation=&#8221;center&#8221; custom_margin=&#8221;||0px||false|false&#8221; header_2_font_size_tablet=&#8221;30px&#8221; header_2_font_size_phone=&#8221;40px&#8221; header_2_font_size_last_edited=&#8221;on|phone&#8221; global_colors_info=&#8221;{%22gcid-7dd47f7c-8876-4bcb-be01-39e2a94f2875%22:%91%93}&#8221;]<\/p>\n<h2>gem\u00fctlich.<br \/>Entspannung.<br \/>frisch.<\/h2>\n<p>[\/et_pb_text][et_pb_button button_url=&#8221;https:\/\/www.boerenbed.nl\/hoeve-waterschap-tjeukemeer-friesland?scid=11896&#8243; url_new_window=&#8221;on&#8221; button_text=&#8221;Buchen Sie jetzt Ihr Zelt-Cottage&#8221; button_alignment=&#8221;center&#8221; _builder_version=&#8221;4.16&#8243; _module_preset=&#8221;b9ae5379-ad3e-4160-945a-f2ee350dc5f5&#8243; custom_button=&#8221;on&#8221; button_text_size=&#8221;14px&#8221; button_text_color=&#8221;#FFFFFF&#8221; button_bg_color=&#8221;#7F634E&#8221; button_border_width=&#8221;0px&#8221; button_border_radius=&#8221;0px&#8221; button_letter_spacing=&#8221;2px&#8221; button_font=&#8221;|600||on|||||&#8221; button_use_icon=&#8221;off&#8221; background_layout=&#8221;dark&#8221; custom_padding=&#8221;16px|30px|16px|30px|true|true&#8221; global_colors_info=&#8221;{}&#8221;][\/et_pb_button][\/et_pb_column][et_pb_column type=&#8221;1_3&#8243; _builder_version=&#8221;4.16&#8243; _module_preset=&#8221;default&#8221; background_enable_image=&#8221;off&#8221; global_colors_info=&#8221;{}&#8221;][et_pb_image src=&#8221;https:\/\/smuk.nl\/wp-content\/uploads\/2021\/10\/smuk-recreatie-crista.jpg&#8221; title_text=&#8221;smuk recreation crista&#8221; _builder_version=&#8221;4.16&#8243; _module_preset=&#8221;default&#8221; global_colors_info=&#8221;{}&#8221;][\/et_pb_image][\/et_pb_column][\/et_pb_row][\/et_pb_section]<\/p>\n","protected":false},"excerpt":{"rendered":"<p>ZelthuskeDie Bauernbett-Zeltcottages haben alle freien Blick \u00fcber die Wiese oder auf das Wasser. Nach einem kurzen Spaziergang, vorbei an Blumenbeeten und K\u00fchen, erreichen Sie die Anlegestelle am Pier Christiaansloot. Dort gibt es elektrische Schaluppen und Kanus. Entlang dieses Kanals geht es weiter zum Dorf Echtenerbrug\/Delfstrahuizen und zum Strand am Tjeukemeer. Wir haben an alles gedacht! [&hellip;]<\/p>\n","protected":false},"author":4,"featured_media":2638,"parent":0,"menu_order":0,"comment_status":"closed","ping_status":"closed","template":"","meta":{"_acf_changed":false,"_et_pb_use_builder":"on","_et_pb_old_content":"","_et_gb_content_width":"","footnotes":""},"class_list":["post-3109","page","type-page","status-publish","has-post-thumbnail","hentry"],"acf":[],"_links":{"self":[{"href":"https:\/\/smuk.nl\/de\/wp-json\/wp\/v2\/pages\/3109","targetHints":{"allow":["GET"]}}],"collection":[{"href":"https:\/\/smuk.nl\/de\/wp-json\/wp\/v2\/pages"}],"about":[{"href":"https:\/\/smuk.nl\/de\/wp-json\/wp\/v2\/types\/page"}],"author":[{"embeddable":true,"href":"https:\/\/smuk.nl\/de\/wp-json\/wp\/v2\/users\/4"}],"replies":[{"embeddable":true,"href":"https:\/\/smuk.nl\/de\/wp-json\/wp\/v2\/comments?post=3109"}],"version-history":[{"count":0,"href":"https:\/\/smuk.nl\/de\/wp-json\/wp\/v2\/pages\/3109\/revisions"}],"wp:featuredmedia":[{"embeddable":true,"href":"https:\/\/smuk.nl\/de\/wp-json\/wp\/v2\/media\/2638"}],"wp:attachment":[{"href":"https:\/\/smuk.nl\/de\/wp-json\/wp\/v2\/media?parent=3109"}],"curies":[{"name":"wp","href":"https:\/\/api.w.org\/{rel}","templated":true}]}}