{"id":3120,"date":"2021-10-19T14:07:08","date_gmt":"2021-10-19T14:07:08","guid":{"rendered":"https:\/\/smuk.nl\/ueber-die-familie\/"},"modified":"2024-12-16T17:31:31","modified_gmt":"2024-12-16T17:31:31","slug":"ueber-die-familie","status":"publish","type":"page","link":"https:\/\/smuk.nl\/de\/ueber-die-familie\/","title":{"rendered":"\u00dcber die Familie"},"content":{"rendered":"<p>[et_pb_section fb_built=&#8221;1&#8243; admin_label=&#8221;Header&#8221; _builder_version=&#8221;4.27.4&#8243; _module_preset=&#8221;default&#8221; background_color=&#8221;RGBA(210,206,194,0.5)&#8221; background_image=&#8221;https:\/\/smuk.nl\/wp-content\/uploads\/2024\/12\/elements-web-smuk-04-groen.png&#8221; background_position=&#8221;bottom_center&#8221; custom_padding=&#8221;0px||19px||false|false&#8221; hover_enabled=&#8221;0&#8243; global_colors_info=&#8221;{}&#8221; title_text=&#8221;elements-web-smuk-04-groen&#8221; sticky_enabled=&#8221;0&#8243;][et_pb_row column_structure=&#8221;3_5,2_5&#8243; use_custom_gutter=&#8221;on&#8221; gutter_width=&#8221;4&#8243; _builder_version=&#8221;4.16&#8243; _module_preset=&#8221;default&#8221; custom_padding=&#8221;0px|||||&#8221; global_colors_info=&#8221;{}&#8221;][et_pb_column type=&#8221;3_5&#8243; _builder_version=&#8221;4.16&#8243; _module_preset=&#8221;default&#8221; global_colors_info=&#8221;{}&#8221;][et_pb_image src=&#8221;https:\/\/smuk.nl\/wp-content\/uploads\/2023\/09\/Smuk-recreatie-gert-en-crista-1.jpg&#8221; alt=&#8221;Smuk freizeit gert und crista&#8221; title_text=&#8221;Smuk freizeit gert und crista (1)&#8221; _builder_version=&#8221;4.22.2&#8243; _module_preset=&#8221;default&#8221; max_height_tablet=&#8221;300px&#8221; max_height_phone=&#8221;none&#8221; max_height_last_edited=&#8221;on|phone&#8221; custom_margin=&#8221;10%||||false|false&#8221; global_colors_info=&#8221;{}&#8221;][\/et_pb_image][\/et_pb_column][et_pb_column type=&#8221;2_5&#8243; _builder_version=&#8221;4.16&#8243; _module_preset=&#8221;default&#8221; custom_padding=&#8221;0px||||false|false&#8221; custom_padding_tablet=&#8221;30px||||false|false&#8221; custom_padding_phone=&#8221;0px||||false|false&#8221; custom_padding_last_edited=&#8221;on|phone&#8221; global_colors_info=&#8221;{}&#8221;][et_pb_text _builder_version=&#8221;4.16&#8243; _module_preset=&#8221;b7636b4c-c928-4893-a98f-cfa9abbf40f3&#8243; header_font=&#8221;Finland Rounded|||on|||||&#8221; header_text_color=&#8221;#000000&#8243; header_font_size=&#8221;80px&#8221; header_line_height=&#8221;1.2em&#8221; custom_margin=&#8221;0px|-50%|-1px|-32px|false|false&#8221; custom_margin_tablet=&#8221;&#8221; custom_margin_phone=&#8221;||0px||false|false&#8221; custom_margin_last_edited=&#8221;on|tablet&#8221; custom_padding=&#8221;10%|0px||32px|false|false&#8221; custom_padding_tablet=&#8221;&#8221; custom_padding_phone=&#8221;0%||||false|false&#8221; custom_padding_last_edited=&#8221;on|tablet&#8221; header_font_size_tablet=&#8221;60px&#8221; header_font_size_phone=&#8221;40px&#8221; header_font_size_last_edited=&#8221;on|phone&#8221; border_width_right=&#8221;4px&#8221; border_color_right=&#8221;#ABA499&#8243; border_color_left=&#8221;#938A80&#8243; locked=&#8221;off&#8221; global_colors_info=&#8221;{%22gcid-7dd47f7c-8876-4bcb-be01-39e2a94f2875%22:%91%93}&#8221;]<\/p>\n<h1>wolkom<\/h1>\n<p>[\/et_pb_text][et_pb_text _builder_version=&#8221;4.27.4&#8243; _module_preset=&#8221;afe8fc41-dc70-4bf1-b625-17644c79cbc3&#8243; text_font=&#8221;||||||||&#8221; text_text_color=&#8221;#000000&#8243; text_font_size=&#8221;16px&#8221; text_line_height=&#8221;2em&#8221; hover_enabled=&#8221;0&#8243; text_font_size_tablet=&#8221;14px&#8221; text_font_size_phone=&#8221;12px&#8221; text_font_size_last_edited=&#8221;on|phone&#8221; locked=&#8221;off&#8221; global_colors_info=&#8221;{}&#8221; background_color=&#8221;rgba(232,230,224,0.8)&#8221; sticky_enabled=&#8221;0&#8243;]<\/p>\n<p>Crista und Gert Diever betreiben<strong> den 170 Jahre alten authentischen Familienbetrieb<\/strong> mit ihrer Familie. Vor 20 Jahren beschlossen sie, dieses <strong>kleine Paradies am Tjeukemeer<\/strong> mit Ihnen zu teilen. Sie waren einer der ersten Landwirte, die eine Partnerschaft mit <strong>Boerenbed <\/strong>eingingen und Jahre sp\u00e4ter das Kutschenhaus in das <strong>Sm\u00fbk Huske<\/strong> umwandelten. Heutzutage k\u00f6nnen Sie das Sm\u00fbk-Gef\u00fchl immer \u00f6fter erleben. Sie k\u00f6nnen also Ihr eigenes kleines (Retro-)Wohnmobil mitbringen oder ein <strong>Sm\u00fbk-Zelt oder Sm\u00fbk-Tiny<\/strong> mieten! Sie brauchen keine Campingausr\u00fcstung zu schleppen und k\u00f6nnen direkt in Ihr warmes Bett fallen!<\/p>\n<p>[\/et_pb_text][\/et_pb_column][\/et_pb_row][\/et_pb_section][et_pb_section fb_built=&#8221;1&#8243; admin_label=&#8221;Feature&#8221; _builder_version=&#8221;4.16&#8243; _module_preset=&#8221;default&#8221; background_color=&#8221;RGBA(210,206,194,0.5)&#8221; background_image=&#8221;https:\/\/smuk.nl\/wp-content\/uploads\/2021\/10\/Apothecary-007.png&#8221; background_enable_image=&#8221;off&#8221; custom_padding=&#8221;0px||0px|||&#8221; global_colors_info=&#8221;{}&#8221;][et_pb_row column_structure=&#8221;1_2,1_2&#8243; _builder_version=&#8221;4.16&#8243; _module_preset=&#8221;default&#8221; custom_padding=&#8221;40px||0px|||&#8221; locked=&#8221;off&#8221; global_colors_info=&#8221;{}&#8221;][et_pb_column type=&#8221;1_2&#8243; _builder_version=&#8221;4.16&#8243; _module_preset=&#8221;default&#8221; custom_padding=&#8221;50px||||false|false&#8221; custom_padding_tablet=&#8221;0px||||false|false&#8221; custom_padding_phone=&#8221;&#8221; custom_padding_last_edited=&#8221;on|tablet&#8221; global_colors_info=&#8221;{}&#8221;][et_pb_text _builder_version=&#8221;4.16&#8243; _module_preset=&#8221;01e193d8-ba71-4632-9359-6d4dcd6e5404&#8243; header_2_font=&#8221;Finland Rounded||||||||&#8221; header_2_text_color=&#8221;#000000&#8243; header_2_font_size=&#8221;45px&#8221; header_2_line_height=&#8221;1.2em&#8221; text_orientation=&#8221;center&#8221; custom_margin=&#8221;||1px|||&#8221; header_2_font_size_tablet=&#8221;60px&#8221; header_2_font_size_phone=&#8221;30px&#8221; header_2_font_size_last_edited=&#8221;on|phone&#8221; locked=&#8221;off&#8221; global_colors_info=&#8221;{}&#8221;]<\/p>\n<h2 style=\"text-align: left;\">wunderbares Landleben<\/h2>\n<p>[\/et_pb_text][et_pb_text _builder_version=&#8221;4.16&#8243; _module_preset=&#8221;afe8fc41-dc70-4bf1-b625-17644c79cbc3&#8243; text_font=&#8221;||||||||&#8221; text_text_color=&#8221;#000000&#8243; text_font_size=&#8221;16px&#8221; text_line_height=&#8221;2em&#8221; text_font_size_tablet=&#8221;14px&#8221; text_font_size_phone=&#8221;12px&#8221; text_font_size_last_edited=&#8221;on|phone&#8221; locked=&#8221;off&#8221; global_colors_info=&#8221;{}&#8221;]<\/p>\n<p><strong>Crista und Gert haben drei Kinder und halten eine besondere alte Kuhrasse, sch\u00f6ne Pferde, gem\u00fctliche H\u00fchner und witzige Ziegen.<\/strong> Sm\u00fbk recreation ist also wirklich ein Familienunternehmen. Sanne hilft Crista bei Buchungen und beim Teilen von Sm\u00fbkkige-Geschichten in den sozialen Medien. Femke sorgt daf\u00fcr, dass die Betten gem\u00fctlich bezogen sind und die Einrichtung warm und wohnlich ist. Sie treffen Jente haupts\u00e4chlich beim Rasenm\u00e4hen und begleiten Sie mit Elektroschalos. <\/p>\n<p><strong>Der Familie ist es wichtig, dass sie einen naturnahen Ort f\u00fcr alles, was lebt, anbieten kann.<\/strong> Weil die Zeit in Sm\u00fbk friedlich ist, wird <strong>alles mit Aufmerksamkeit und Liebe<\/strong> gepflegt. Auf diesem Hof geht es nicht um die Produktion, sondern um das Wohlergehen des Landes und seiner Bewohner.<\/p>\n<p>[\/et_pb_text][\/et_pb_column][et_pb_column type=&#8221;1_2&#8243; _builder_version=&#8221;4.16&#8243; _module_preset=&#8221;default&#8221; global_colors_info=&#8221;{}&#8221;][et_pb_image src=&#8221;https:\/\/smuk.nl\/wp-content\/uploads\/2021\/10\/Smuk-recreatie-nachtje-weg-29.jpg&#8221; title_text=&#8221;Smuk Freizeit Nacht aus (29)&#8221; _builder_version=&#8221;4.16&#8243; _module_preset=&#8221;default&#8221; custom_margin=&#8221;0px||||false|false&#8221; custom_padding=&#8221;0px||||false|false&#8221; scroll_vertical_motion_enable=&#8221;on&#8221; scroll_vertical_motion=&#8221;0|50|50|100|0.5|0|-0.5&#8243; scroll_vertical_motion_tablet=&#8221;0|50|50|100|0|0|0&#8243; scroll_vertical_motion_phone=&#8221;&#8221; scroll_vertical_motion_last_edited=&#8221;on|tablet&#8221; global_colors_info=&#8221;{}&#8221;][\/et_pb_image][et_pb_image src=&#8221;https:\/\/smuk.nl\/wp-content\/uploads\/2021\/11\/SMUK-icoontje-Fries-hartje-4-300&#215;300.png&#8221; title_text=&#8221;SMUK-Symbol-Friesenherz-4&#8243; _builder_version=&#8221;4.16&#8243; _module_preset=&#8221;default&#8221; width=&#8221;72%&#8221; custom_margin=&#8221;-148px|||||&#8221; custom_padding=&#8221;0px|||195px||&#8221; global_colors_info=&#8221;{}&#8221;][\/et_pb_image][\/et_pb_column][\/et_pb_row][\/et_pb_section][et_pb_section fb_built=&#8221;1&#8243; admin_label=&#8221;Video&#8221; _builder_version=&#8221;4.16&#8243; _module_preset=&#8221;default&#8221; background_color=&#8221;RGBA(210,206,194,0.5)&#8221; background_image=&#8221;https:\/\/smuk.nl\/wp-content\/uploads\/2021\/10\/weekendje-friesland-02-294&#215;300.png&#8221; background_size=&#8221;initial&#8221; background_position=&#8221;center_left&#8221; custom_padding=&#8221;2px|||||&#8221; global_colors_info=&#8221;{}&#8221;][et_pb_row _builder_version=&#8221;4.16&#8243; _module_preset=&#8221;default&#8221; custom_padding=&#8221;4px|||||&#8221; global_colors_info=&#8221;{}&#8221;][et_pb_column type=&#8221;4_4&#8243; _builder_version=&#8221;4.16&#8243; _module_preset=&#8221;default&#8221; global_colors_info=&#8221;{}&#8221;][et_pb_text disabled_on=&#8221;off|off|on&#8221; _builder_version=&#8221;4.16&#8243; _module_preset=&#8221;default&#8221; custom_margin_tablet=&#8221;&#8221; custom_margin_phone=&#8221;100px||||false|false&#8221; custom_margin_last_edited=&#8221;on|phone&#8221; custom_padding_tablet=&#8221;&#8221; custom_padding_phone=&#8221;0px||||false|false&#8221; custom_padding_last_edited=&#8221;on|phone&#8221; header_font_size_tablet=&#8221;&#8221; header_font_size_phone=&#8221;40px&#8221; header_font_size_last_edited=&#8221;on|phone&#8221; global_colors_info=&#8221;{}&#8221;]<\/p>\n<h1>ein besonderer Ort<\/h1>\n<p>[\/et_pb_text][et_pb_text disabled_on=&#8221;on|off|off&#8221; _builder_version=&#8221;4.16&#8243; _module_preset=&#8221;default&#8221; header_font_size=&#8221;45px&#8221; custom_padding=&#8221;3px|||||&#8221; global_colors_info=&#8221;{}&#8221;]<\/p>\n<h1>ein besonderer Ort<\/h1>\n<p>[\/et_pb_text][et_pb_text _builder_version=&#8221;4.27.4&#8243; _module_preset=&#8221;60257f16-a5af-4542-8569-0d881bd6f86a&#8221; text_font=&#8221;|500|||||||&#8221; text_text_color=&#8221;#2e2e2a&#8221; text_font_size=&#8221;16px&#8221; text_line_height=&#8221;2em&#8221; header_text_color=&#8221;gcid-2e11c80d-ac9a-420a-a6f4-b09e87630a46&#8243; custom_margin_tablet=&#8221;0px||||false|false&#8221; custom_margin_phone=&#8221;||||false|false&#8221; custom_margin_last_edited=&#8221;off|desktop&#8221; custom_padding=&#8221;0.2%|||30px|false|false&#8221; custom_padding_tablet=&#8221;|||30px|false|false&#8221; custom_padding_phone=&#8221;|||20px|false|false&#8221; custom_padding_last_edited=&#8221;on|phone&#8221; scroll_vertical_motion=&#8221;0|50|50|100|1|0|-1&#8243; hover_enabled=&#8221;0&#8243; text_font_size_tablet=&#8221;18px&#8221; text_font_size_phone=&#8221;12px&#8221; text_font_size_last_edited=&#8221;on|tablet&#8221; scroll_vertical_motion_tablet=&#8221;0|50|50|100|0|0|0&#8243; scroll_vertical_motion_phone=&#8221;&#8221; scroll_vertical_motion_last_edited=&#8221;on|tablet&#8221; border_width_left=&#8221;4px&#8221; border_color_left=&#8221;#8A8E75&#8243; locked=&#8221;off&#8221; global_colors_info=&#8221;{%22gcid-7dd47f7c-8876-4bcb-be01-39e2a94f2875%22:%91%93}&#8221; sticky_enabled=&#8221;0&#8243;]<\/p>\n<p>Landwirt Gert ist ein begeisterter Wiesenvogelliebhaber, der sich neben dem Bauernhof f\u00fcr eine <strong>naturnahe Landwirtschaft<\/strong> einsetzt. So kam die Familie auch zu der einzigartigen Rinderrasse, der rot-wei\u00dfen Friesenkuh. Diese authentische Rasse erwies sich als sehr d\u00fcnn und brauchte einen guten Platz, um sich zu vermehren. Jetzt haben sie ein sch\u00f6nes Leben, wobei die K\u00e4lber lange bei ihren M\u00fcttern bleiben und die M\u00e4dchen die Zucht bei einem anderen Landwirt weiterf\u00fchren. Die Gro\u00dfeltern von Gert zogen 1939 in das Bauernhaus ein. Sie versorgten Menschen, die w\u00e4hrend des Krieges untergetaucht waren, und zogen ihre Familie mit drei Kindern auf, darunter auch Gerts Vater. Gerts Eltern \u00fcbernahmen den Hof 1970 und gaben den Staffelstab an Crista und Gert zur\u00fcck.<\/p>\n<p>[\/et_pb_text][et_pb_button button_url=&#8221;@ET-DC@eyJkeW5hbWljIjp0cnVlLCJjb250ZW50IjoicG9zdF9saW5rX3VybF9wYWdlIiwic2V0dGluZ3MiOnsicG9zdF9pZCI6IjQwMyIsImVuYWJsZV9odG1sIjoib2ZmIn19@&#8221; button_text=&#8221;die Familie hei\u00dft Sie willkommen!&#8221; _builder_version=&#8221;4.27.4&#8243; _dynamic_attributes=&#8221;button_url&#8221; _module_preset=&#8221;b9ae5379-ad3e-4160-945a-f2ee350dc5f5&#8243; custom_button=&#8221;on&#8221; button_text_size=&#8221;14px&#8221; button_text_color=&#8221;#FFFFFF&#8221; button_bg_color=&#8221;#8A8E75&#8243; button_border_width=&#8221;0px&#8221; button_border_radius=&#8221;0px&#8221; button_letter_spacing=&#8221;2px&#8221; button_font=&#8221;|600||on|||||&#8221; button_use_icon=&#8221;off&#8221; background_layout=&#8221;dark&#8221; custom_padding=&#8221;16px|30px|16px|30px|true|true&#8221; hover_enabled=&#8221;0&#8243; global_colors_info=&#8221;{}&#8221; button_bg_enable_color=&#8221;on&#8221; sticky_enabled=&#8221;0&#8243;][\/et_pb_button][\/et_pb_column][\/et_pb_row][et_pb_row _builder_version=&#8221;4.16&#8243; _module_preset=&#8221;default&#8221; custom_margin_tablet=&#8221;&#8221; custom_margin_phone=&#8221;-50px||0px||false|false&#8221; custom_margin_last_edited=&#8221;on|phone&#8221; custom_padding=&#8221;||0px||false|false&#8221; global_colors_info=&#8221;{}&#8221;][et_pb_column type=&#8221;4_4&#8243; _builder_version=&#8221;4.16&#8243; _module_preset=&#8221;default&#8221; global_colors_info=&#8221;{}&#8221;][et_pb_image src=&#8221;https:\/\/smuk.nl\/wp-content\/uploads\/2021\/11\/smuk-familie.jpg&#8221; title_text=&#8221;Familie Smuk&#8221; _builder_version=&#8221;4.16&#8243; _module_preset=&#8221;default&#8221; global_colors_info=&#8221;{}&#8221;][\/et_pb_image][\/et_pb_column][\/et_pb_row][\/et_pb_section]<\/p>\n","protected":false},"excerpt":{"rendered":"<p>wolkomCrista und Gert Diever betreiben den 170 Jahre alten authentischen Familienbetrieb mit ihrer Familie. Vor 20 Jahren beschlossen sie, dieses kleine Paradies am Tjeukemeer mit Ihnen zu teilen. Sie waren einer der ersten Landwirte, die eine Partnerschaft mit Boerenbed eingingen und Jahre sp\u00e4ter das Kutschenhaus in das Sm\u00fbk Huske umwandelten. Heutzutage k\u00f6nnen Sie das Sm\u00fbk-Gef\u00fchl [&hellip;]<\/p>\n","protected":false},"author":2,"featured_media":0,"parent":0,"menu_order":0,"comment_status":"closed","ping_status":"closed","template":"","meta":{"_acf_changed":false,"_et_pb_use_builder":"on","_et_pb_old_content":"","_et_gb_content_width":"","footnotes":""},"class_list":["post-3120","page","type-page","status-publish","hentry"],"acf":[],"_links":{"self":[{"href":"https:\/\/smuk.nl\/de\/wp-json\/wp\/v2\/pages\/3120","targetHints":{"allow":["GET"]}}],"collection":[{"href":"https:\/\/smuk.nl\/de\/wp-json\/wp\/v2\/pages"}],"about":[{"href":"https:\/\/smuk.nl\/de\/wp-json\/wp\/v2\/types\/page"}],"author":[{"embeddable":true,"href":"https:\/\/smuk.nl\/de\/wp-json\/wp\/v2\/users\/2"}],"replies":[{"embeddable":true,"href":"https:\/\/smuk.nl\/de\/wp-json\/wp\/v2\/comments?post=3120"}],"version-history":[{"count":3,"href":"https:\/\/smuk.nl\/de\/wp-json\/wp\/v2\/pages\/3120\/revisions"}],"predecessor-version":[{"id":4670,"href":"https:\/\/smuk.nl\/de\/wp-json\/wp\/v2\/pages\/3120\/revisions\/4670"}],"wp:attachment":[{"href":"https:\/\/smuk.nl\/de\/wp-json\/wp\/v2\/media?parent=3120"}],"curies":[{"name":"wp","href":"https:\/\/api.w.org\/{rel}","templated":true}]}}