{"id":3171,"date":"2021-11-05T14:08:25","date_gmt":"2021-11-05T14:08:25","guid":{"rendered":"https:\/\/smuk.nl\/fleischpaket\/"},"modified":"2023-11-02T20:21:57","modified_gmt":"2023-11-02T20:21:57","slug":"fleischpaket","status":"publish","type":"page","link":"https:\/\/smuk.nl\/de\/fleischpaket\/","title":{"rendered":"Fleischpaket"},"content":{"rendered":"\n[et_pb_section fb_built=&#8221;1&#8243; admin_label=&#8221;Header&#8221; _builder_version=&#8221;4.11.2&#8243; _module_preset=&#8221;default&#8221; background_color=&#8221;RGBA(210,206,194,0.5)&#8221; background_image=&#8221;https:\/\/smuk.nl\/wp-content\/uploads\/2021\/10\/Apothecary-007.png&#8221; background_enable_image=&#8221;off&#8221; custom_padding=&#8221;||||false|false&#8221; locked=&#8221;off&#8221; global_colors_info=&#8221;{}&#8221;][et_pb_row column_structure=&#8221;2_3,1_3&#8243; _builder_version=&#8221;4.11.2&#8243; _module_preset=&#8221;default&#8221; global_colors_info=&#8221;{}&#8221;][et_pb_column type=&#8221;2_3&#8243; _builder_version=&#8221;4.11.2&#8243; _module_preset=&#8221;default&#8221; global_colors_info=&#8221;{}&#8221;][et_pb_dcgd_gravity_divi_module gf_form=&#8221;2&#8243; enable_ajax=&#8221;on&#8221; _builder_version=&#8221;4.11.2&#8243; _module_preset=&#8221;default&#8221; dcgm_form_field_bg_background_color=&#8221;RGBA(210,206,194,0.83)&#8221; background_color=&#8221;RGBA(0,0,0,0)&#8221; custom_dcgm_button=&#8221;on&#8221; dcgm_button_text_color=&#8221;#FFFFFF&#8221; dcgm_button_bg_color=&#8221;#7f634e&#8221; dcgm_button_border_color=&#8221;#7f634e&#8221; dcgm_button_border_radius=&#8221;0px&#8221; dcgm_button_font=&#8221;|||on|||||&#8221; dcgm_button_alignment=&#8221;left&#8221; hover_enabled=&#8221;0&#8243; global_colors_info=&#8221;{}&#8221; dcgm_button_bg_enable_color=&#8221;on&#8221; sticky_enabled=&#8221;0&#8243;][\/et_pb_dcgd_gravity_divi_module][\/et_pb_column][et_pb_column type=&#8221;1_3&#8243; _builder_version=&#8221;4.11.2&#8243; _module_preset=&#8221;default&#8221; global_colors_info=&#8221;{}&#8221;][et_pb_text _builder_version=&#8221;4.11.2&#8243; _module_preset=&#8221;01e193d8-ba71-4632-9359-6d4dcd6e5404&#8243; header_2_font=&#8221;Finland Rounded||||||||&#8221; header_2_text_color=&#8221;#000000&#8243; header_2_font_size=&#8221;45px&#8221; header_2_line_height=&#8221;1.2em&#8221; max_width=&#8221;76%&#8221; custom_margin=&#8221;0px||0px||false|false&#8221; custom_padding=&#8221;0px||0px||false|false&#8221; header_2_font_size_tablet=&#8221;60px&#8221; header_2_font_size_phone=&#8221;30px&#8221; header_2_font_size_last_edited=&#8221;on|phone&#8221; locked=&#8221;off&#8221; global_colors_info=&#8221;{}&#8221;]<h2>Das Gesch\u00e4ft<\/h2>[\/et_pb_text][et_pb_image src=&#8221;https:\/\/smuk.nl\/wp-content\/uploads\/2021\/11\/smuk-campingwinkel.jpg&#8221; title_text=&#8221;smuk camping shop&#8221; align_tablet=&#8221;&#8221; align_phone=&#8221;center&#8221; align_last_edited=&#8221;on|phone&#8221; _builder_version=&#8221;4.11.2&#8243; _module_preset=&#8221;default&#8221; background_color=&#8221;RGBA(0,0,0,0)&#8221; max_width=&#8221;100%&#8221; max_width_tablet=&#8221;120px&#8221; max_width_phone=&#8221;80px&#8221; max_width_last_edited=&#8221;off|desktop&#8221; custom_margin=&#8221;70px|0px|||false|false&#8221; custom_margin_tablet=&#8221;0%|||0px|false|false&#8221; custom_margin_phone=&#8221;-20px|||-20px|false|false&#8221; custom_margin_last_edited=&#8221;on|tablet&#8221; custom_padding=&#8221;|0px|||false|false&#8221; scroll_vertical_motion_enable=&#8221;on&#8221; scroll_vertical_motion=&#8221;0|50|50|100|0.5|0|-0.5&#8243; module_alignment_tablet=&#8221;&#8221; module_alignment_phone=&#8221;center&#8221; module_alignment_last_edited=&#8221;on|phone&#8221; scroll_vertical_motion_tablet=&#8221;0|50|50|100|0|0|0&#8243; scroll_vertical_motion_phone=&#8221;&#8221; scroll_vertical_motion_last_edited=&#8221;on|tablet&#8221; locked=&#8221;off&#8221; global_colors_info=&#8221;{}&#8221;][\/et_pb_image][et_pb_image src=&#8221;https:\/\/smuk.nl\/wp-content\/uploads\/2021\/11\/SMUK-icoontje-Eieren-4.png&#8221; title_text=&#8221;SMUK-Symbol Eggs-4&#8243; _builder_version=&#8221;4.11.2&#8243; _module_preset=&#8221;default&#8221; width=&#8221;100%&#8221; custom_margin=&#8221;-140px||||false|false&#8221; custom_padding=&#8221;|||200px|false|false&#8221; locked=&#8221;off&#8221; global_colors_info=&#8221;{}&#8221;][\/et_pb_image][et_pb_text _builder_version=&#8221;4.11.2&#8243; _module_preset=&#8221;60257f16-a5af-4542-8569-0d881bd6f86a&#8221; text_font=&#8221;|500|||||||&#8221; text_text_color=&#8221;#000000&#8243; text_font_size=&#8221;16px&#8221; text_line_height=&#8221;2em&#8221; custom_margin=&#8221;1px||||false|false&#8221; custom_margin_tablet=&#8221;|||0%|false|false&#8221; custom_margin_phone=&#8221;&#8221; custom_margin_last_edited=&#8221;on|tablet&#8221; text_font_size_tablet=&#8221;18px&#8221; text_font_size_phone=&#8221;12px&#8221; text_font_size_last_edited=&#8221;on|tablet&#8221; locked=&#8221;off&#8221; global_colors_info=&#8221;{%22gcid-7dd47f7c-8876-4bcb-be01-39e2a94f2875%22:%91%93}&#8221;]Der Laden ist bescheiden eingerichtet und bietet brandfrische Produkte aus der Region. Es gibt Fonduepfannen und K\u00e4se vom Bauernhof. In der Gefriertruhe finden Sie frisches Fleisch von der Red and White Kuh. <strong>Sie haben keine Lust zu kochen?<\/strong> Dann gibt es einen leckeren Eintopf mit Fleisch vom Land. Man schmeckt, dass die Tiere ein sch\u00f6nes Leben gehabt haben.<strong> M\u00f6chten Sie auch zu Hause ein nachhaltiges St\u00fcck Fleisch genie\u00dfen?<\/strong> Sie k\u00f6nnen auch Fleischpakete online bestellen. Das Sch\u00f6ne daran ist, dass die rot-wei\u00dfe Friesenkuh eine seltene Rasse ist, so dass die Bestellung jedes Mal eine \u00dcberraschung ist. Sie bestellen, was verf\u00fcgbar ist.[\/et_pb_text][\/et_pb_column][\/et_pb_row][\/et_pb_section]\n","protected":false},"excerpt":{"rendered":"<p>Das Gesch\u00e4ftDer Laden ist bescheiden eingerichtet und bietet brandfrische Produkte aus der Region. Es gibt Fonduepfannen und K\u00e4se vom Bauernhof. In der Gefriertruhe finden Sie frisches Fleisch von der Red and White Kuh. Sie haben keine Lust zu kochen? Dann gibt es einen leckeren Eintopf mit Fleisch vom Land. Man schmeckt, dass die Tiere ein [&hellip;]<\/p>\n","protected":false},"author":1,"featured_media":2506,"parent":0,"menu_order":0,"comment_status":"closed","ping_status":"closed","template":"","meta":{"_acf_changed":false,"_et_pb_use_builder":"on","_et_pb_old_content":"","_et_gb_content_width":"","footnotes":""},"class_list":["post-3171","page","type-page","status-publish","has-post-thumbnail","hentry"],"acf":[],"_links":{"self":[{"href":"https:\/\/smuk.nl\/de\/wp-json\/wp\/v2\/pages\/3171","targetHints":{"allow":["GET"]}}],"collection":[{"href":"https:\/\/smuk.nl\/de\/wp-json\/wp\/v2\/pages"}],"about":[{"href":"https:\/\/smuk.nl\/de\/wp-json\/wp\/v2\/types\/page"}],"author":[{"embeddable":true,"href":"https:\/\/smuk.nl\/de\/wp-json\/wp\/v2\/users\/1"}],"replies":[{"embeddable":true,"href":"https:\/\/smuk.nl\/de\/wp-json\/wp\/v2\/comments?post=3171"}],"version-history":[{"count":0,"href":"https:\/\/smuk.nl\/de\/wp-json\/wp\/v2\/pages\/3171\/revisions"}],"wp:featuredmedia":[{"embeddable":true,"href":"https:\/\/smuk.nl\/de\/wp-json\/wp\/v2\/media\/2506"}],"wp:attachment":[{"href":"https:\/\/smuk.nl\/de\/wp-json\/wp\/v2\/media?parent=3171"}],"curies":[{"name":"wp","href":"https:\/\/api.w.org\/{rel}","templated":true}]}}