{"id":3067,"date":"2021-10-19T14:49:05","date_gmt":"2021-10-19T14:49:05","guid":{"rendered":"https:\/\/smuk.nl\/surroundings\/"},"modified":"2025-04-19T07:54:38","modified_gmt":"2025-04-19T07:54:38","slug":"surroundings","status":"publish","type":"page","link":"https:\/\/smuk.nl\/en\/surroundings\/","title":{"rendered":"Surroundings"},"content":{"rendered":"<p>[et_pb_section fb_built=&#8221;1&#8243; _builder_version=&#8221;4.16&#8243; _module_preset=&#8221;default&#8221; background_color=&#8221;rgba(210,206,194,0.16)&#8221; background_image=&#8221;https:\/\/smuk.nl\/wp-content\/uploads\/2021\/11\/SMUK-icoontje-Bloemen-01.png&#8221; background_size=&#8221;initial&#8221; background_position=&#8221;bottom_left&#8221; custom_padding=&#8221;0px||0px||false|false&#8221; background_last_edited=&#8221;on|phone&#8221; background_enable_image_phone=&#8221;off&#8221; global_colors_info=&#8221;{}&#8221;][et_pb_row column_structure=&#8221;1_2,1_2&#8243; _builder_version=&#8221;4.16&#8243; _module_preset=&#8221;default&#8221; custom_padding=&#8221;3px||2px|||&#8221; global_colors_info=&#8221;{}&#8221;][et_pb_column type=&#8221;1_2&#8243; _builder_version=&#8221;4.16&#8243; _module_preset=&#8221;default&#8221; global_colors_info=&#8221;{}&#8221;][et_pb_text _builder_version=&#8221;4.27.4&#8243; _module_preset=&#8221;b7636b4c-c928-4893-a98f-cfa9abbf40f3&#8243; header_font=&#8221;Finland Rounded|||on|||||&#8221; header_text_color=&#8221;#000000&#8243; header_font_size=&#8221;70px&#8221; header_line_height=&#8221;1.2em&#8221; z_index=&#8221;500&#8243; width=&#8221;80%&#8221; custom_margin=&#8221;0px||||false|false&#8221; custom_margin_tablet=&#8221;&#8221; custom_margin_phone=&#8221;&#8221; custom_margin_last_edited=&#8221;on|tablet&#8221; custom_padding=&#8221;10%|0px||30px|false|false&#8221; custom_padding_tablet=&#8221;&#8221; custom_padding_phone=&#8221;&#8221; custom_padding_last_edited=&#8221;on|tablet&#8221; header_font_size_tablet=&#8221;60px&#8221; header_font_size_phone=&#8221;40px&#8221; header_font_size_last_edited=&#8221;on|phone&#8221; border_width_left=&#8221;4px&#8221; border_color_left=&#8221;#8A8E75&#8243; global_colors_info=&#8221;{%22gcid-7dd47f7c-8876-4bcb-be01-39e2a94f2875%22:%91%93}&#8221;]<\/p>\n<h1>Sm\u00fbk environment<\/h1>\n<p>[\/et_pb_text][et_pb_text _builder_version=&#8221;4.16&#8243; _module_preset=&#8221;afe8fc41-dc70-4bf1-b625-17644c79cbc3&#8243; text_font=&#8221;||||||||&#8221; text_text_color=&#8221;#000000&#8243; text_font_size=&#8221;16px&#8221; text_line_height=&#8221;2em&#8221; text_font_size_tablet=&#8221;14px&#8221; text_font_size_phone=&#8221;12px&#8221; text_font_size_last_edited=&#8221;on|phone&#8221; global_colors_info=&#8221;{}&#8221;]<\/p>\n<p>Both nature and animals are lovingly cared for on <strong>this farm<\/strong>. <strong>Everything from frogs to cows gets the peace and flowers room to flourish.<\/strong> Nature-friendly banks and clean ditches make Sm\u00fbk a fine home for small and large life. <strong>The banks where the boats are moored<\/strong> are dotted with native flowers and herb-rich grassland. So you can take a sloop directly from the farm to TJeukemeer. <strong>Want something to eat or drink nearby?<\/strong> Then walk to the nice terrace of the Dikke T\u00fbt near the bridge in the village, or dine at restaurant the F\u00fbke. You are also a 15-minute drive away in Lemmer, where Fem aan het Dok and Beachclub Lemmer are golden tips! No desire to leave the grounds?<strong> At Sm\u00fbk, you are also welcome!<\/strong><\/p>\n<p><strong>At Sm\u00fbk you are also welcome with your own tent or cute little camper.<\/strong> Find a nice spot in the meadow and make yourself at home. Is your stomach starting to bubble? Then walk to the country store for some<strong> fresh vegetables or a Steak from the Red and White cow<\/strong>. If you&#8217;re lucky, Crista has just baked her famous apple tarts for coffee.<\/p>\n<p>[\/et_pb_text][\/et_pb_column][et_pb_column type=&#8221;1_2&#8243; _builder_version=&#8221;4.16&#8243; _module_preset=&#8221;default&#8221; global_colors_info=&#8221;{}&#8221;][et_pb_image src=&#8221;https:\/\/smuk.nl\/wp-content\/uploads\/2022\/09\/DSC_9037.jpg&#8221; title_text=&#8221;DSC_9037&#8243; _builder_version=&#8221;4.19.2&#8243; _module_preset=&#8221;default&#8221; z_index=&#8221;-500&#8243; custom_margin=&#8221;100px||||false|false&#8221; custom_margin_tablet=&#8221;0px||||false|false&#8221; custom_margin_phone=&#8221;&#8221; custom_margin_last_edited=&#8221;on|tablet&#8221; scroll_vertical_motion_enable=&#8221;on&#8221; scroll_vertical_motion=&#8221;0|50|50|100|1|0|-1&#8243; scroll_vertical_motion_tablet=&#8221;0|50|50|100|0|0|0&#8243; scroll_vertical_motion_phone=&#8221;&#8221; scroll_vertical_motion_last_edited=&#8221;on|tablet&#8221; global_colors_info=&#8221;{}&#8221;][\/et_pb_image][et_pb_text _builder_version=&#8221;4.23.1&#8243; _module_preset=&#8221;afe8fc41-dc70-4bf1-b625-17644c79cbc3&#8243; text_font=&#8221;||||||||&#8221; text_text_color=&#8221;#000000&#8243; text_font_size=&#8221;16px&#8221; text_line_height=&#8221;2em&#8221; text_font_size_tablet=&#8221;14px&#8221; text_font_size_phone=&#8221;12px&#8221; text_font_size_last_edited=&#8221;on|phone&#8221; global_colors_info=&#8221;{}&#8221;]<\/p>\n<p>The site is located not only among the meadows, but also on the Pier Christiaansloot. So you can<strong> sail<\/strong> from the farm<strong> directly to TJeukemeer<\/strong>.<\/p>\n<p><span>Pretty special is that on our meadow we have the Black-tailed Godwit back.<br \/>\nThis Kening van de Greide (King of the Landscape) thrives best where nature is in balance.<br \/>\nBecause of our way of working the land (delayed mowing date, higher water table &amp; puddle grass) we hear the Black-tailed Godwit again in spring.<br \/>\nBring your binoculars and come spot these Primitive Dutch birds with us!   <\/span><\/p>\n<p>[\/et_pb_text][\/et_pb_column][\/et_pb_row][et_pb_row column_structure=&#8221;1_2,1_2&#8243; _builder_version=&#8221;4.16&#8243; _module_preset=&#8221;default&#8221; custom_padding=&#8221;26px|||||&#8221; global_colors_info=&#8221;{}&#8221;][et_pb_column type=&#8221;1_2&#8243; _builder_version=&#8221;4.16&#8243; _module_preset=&#8221;default&#8221; global_colors_info=&#8221;{}&#8221;][et_pb_text _builder_version=&#8221;4.27.4&#8243; _module_preset=&#8221;afe8fc41-dc70-4bf1-b625-17644c79cbc3&#8243; text_font=&#8221;||||||||&#8221; text_text_color=&#8221;#000000&#8243; text_font_size=&#8221;16px&#8221; text_line_height=&#8221;2em&#8221; hover_enabled=&#8221;0&#8243; text_font_size_tablet=&#8221;14px&#8221; text_font_size_phone=&#8221;12px&#8221; text_font_size_last_edited=&#8221;on|phone&#8221; global_colors_info=&#8221;{}&#8221; sticky_enabled=&#8221;0&#8243;]<\/p>\n<p>For children, there are <strong>play facilities on the farm and plenty of adventure to be had.<\/strong> From swinging rope in the hay bales to canoes and from cuddling goats and petting our old Frisian Hors &#8220;Tjitske&#8221;&#8216;\u00a0 to collecting eggs, there is always something to do. If you are ready for some wind in your hair, take a beautiful walk through the untouched area of the <strong>Rottige Meente.<\/strong> You can also explore the neighborhood by bike. Want to be pampered? Then take the car and within 15 minutes you will be in Lemmer and you can have<strong> terraces at the many waterfront cafes and<\/strong> restaurants. The ice creams there are also very good.<\/p>\n<p>&nbsp;<\/p>\n<p>[\/et_pb_text][et_pb_text _builder_version=&#8221;4.16&#8243; _module_preset=&#8221;afe8fc41-dc70-4bf1-b625-17644c79cbc3&#8243; text_font=&#8221;||||||||&#8221; text_text_color=&#8221;#000000&#8243; text_font_size=&#8221;16px&#8221; text_line_height=&#8221;2em&#8221; text_font_size_tablet=&#8221;14px&#8221; text_font_size_phone=&#8221;12px&#8221; text_font_size_last_edited=&#8221;on|phone&#8221; global_colors_info=&#8221;{}&#8221;]<\/p>\n<p>If you still have time to spare, it is also highly recommended to step back in time to old Friesland, with <strong>a visit to Hindeloopen<\/strong>. In this shipping village on the shores of the IJsselmeer, old traditions are still fully honored and sea shanties echo through the narrow streets and centuries-old monuments. <strong>Also, nature reserve Weerribben is beautiful for a hike.<\/strong><\/p>\n<p>[\/et_pb_text][et_pb_button button_url=&#8221;@ET-DC@eyJkeW5hbWljIjp0cnVlLCJjb250ZW50IjoicG9zdF9saW5rX3VybF9wYWdlIiwic2V0dGluZ3MiOnsicG9zdF9pZCI6IjE4MiIsImVuYWJsZV9odG1sIjoib2ZmIn19@&#8221; button_text=&#8221;ask for the possibilities&#8221; _builder_version=&#8221;4.27.4&#8243; _dynamic_attributes=&#8221;button_url&#8221; _module_preset=&#8221;b9ae5379-ad3e-4160-945a-f2ee350dc5f5&#8243; custom_button=&#8221;on&#8221; button_text_size=&#8221;14px&#8221; button_text_color=&#8221;#FFFFFF&#8221; button_bg_color=&#8221;#8A8E75&#8243; button_border_width=&#8221;0px&#8221; button_border_radius=&#8221;0px&#8221; button_letter_spacing=&#8221;2px&#8221; button_font=&#8221;|600||on|||||&#8221; button_use_icon=&#8221;off&#8221; background_layout=&#8221;dark&#8221; custom_padding=&#8221;16px|30px|16px|30px|true|true&#8221; global_colors_info=&#8221;{}&#8221;][\/et_pb_button][\/et_pb_column][et_pb_column type=&#8221;1_2&#8243; _builder_version=&#8221;4.16&#8243; _module_preset=&#8221;default&#8221; global_colors_info=&#8221;{}&#8221;][et_pb_image src=&#8221;https:\/\/smuk.nl\/wp-content\/uploads\/2023\/11\/SMUK-icoontje-Grutto-3.png&#8221; title_text=&#8221;SMUK-icon-Grutto-3&#8243; align=&#8221;right&#8221; align_tablet=&#8221;&#8221; align_phone=&#8221;center&#8221; align_last_edited=&#8221;on|phone&#8221; disabled_on=&#8221;on|on|off&#8221; admin_label=&#8221;Grutto&#8221; _builder_version=&#8221;4.23.1&#8243; _module_preset=&#8221;default&#8221; width=&#8221;80%&#8221; width_tablet=&#8221;&#8221; width_phone=&#8221;73%&#8221; width_last_edited=&#8221;on|phone&#8221; custom_margin=&#8221;|0px|||false|false&#8221; custom_padding=&#8221;|0px|||false|false&#8221; scroll_vertical_motion_enable=&#8221;on&#8221; scroll_vertical_motion=&#8221;15|93|93|100|4|0|-4&#8243; module_alignment_tablet=&#8221;&#8221; module_alignment_phone=&#8221;center&#8221; module_alignment_last_edited=&#8221;on|phone&#8221; sticky_position_tablet=&#8221;&#8221; sticky_position_phone=&#8221;&#8221; sticky_position_last_edited=&#8221;on|phone&#8221; scroll_vertical_motion_tablet=&#8221;&#8221; scroll_vertical_motion_phone=&#8221;&#8221; scroll_vertical_motion_last_edited=&#8221;on|phone&#8221; global_colors_info=&#8221;{}&#8221;][\/et_pb_image][\/et_pb_column][\/et_pb_row][\/et_pb_section][et_pb_section fb_built=&#8221;1&#8243; _builder_version=&#8221;4.16&#8243; _module_preset=&#8221;default&#8221; use_background_color_gradient=&#8221;on&#8221; background_color_gradient_stops=&#8221;rgba(210,206,194,0.5) 0%|rgba(255,255,255,0.48) 100%&#8221; background_color_gradient_overlays_image=&#8221;on&#8221; background_color_gradient_start=&#8221;rgba(210,206,194,0.5)&#8221; background_color_gradient_end=&#8221;rgba(255,255,255,0.48)&#8221; background_image=&#8221;https:\/\/smuk.nl\/wp-content\/uploads\/2021\/10\/Smuk-recreatie-nachtje-weg-13.jpg&#8221; background_position=&#8221;bottom_center&#8221; custom_margin=&#8221;0px||0px||true|false&#8221; custom_padding=&#8221;99px||99px||true|false&#8221; global_colors_info=&#8221;{}&#8221;][et_pb_row _builder_version=&#8221;4.16&#8243; _module_preset=&#8221;default&#8221; custom_padding=&#8221;166px||130px|||&#8221; global_colors_info=&#8221;{}&#8221;][et_pb_column type=&#8221;4_4&#8243; _builder_version=&#8221;4.16&#8243; _module_preset=&#8221;default&#8221; global_colors_info=&#8221;{}&#8221;][et_pb_text _builder_version=&#8221;4.16&#8243; _module_preset=&#8221;b7636b4c-c928-4893-a98f-cfa9abbf40f3&#8243; header_font=&#8221;Finland Rounded|||on|||||&#8221; header_text_color=&#8221;#000000&#8243; header_font_size=&#8221;45px&#8221; header_line_height=&#8221;1.2em&#8221; z_index=&#8221;500&#8243; text_orientation=&#8221;right&#8221; width=&#8221;80%&#8221; module_alignment=&#8221;right&#8221; custom_margin=&#8221;0px||0px|0px|false|false&#8221; custom_margin_tablet=&#8221;&#8221; custom_margin_phone=&#8221;&#8221; custom_margin_last_edited=&#8221;on|tablet&#8221; custom_padding=&#8221;0px|||0px|false|false&#8221; custom_padding_tablet=&#8221;&#8221; custom_padding_phone=&#8221;&#8221; custom_padding_last_edited=&#8221;on|tablet&#8221; header_font_size_tablet=&#8221;60px&#8221; header_font_size_phone=&#8221;30px&#8221; header_font_size_last_edited=&#8221;on|phone&#8221; border_width_left=&#8221;4px&#8221; border_color_left=&#8221;RGBA(0,0,0,0)&#8221; global_colors_info=&#8221;{%22gcid-7dd47f7c-8876-4bcb-be01-39e2a94f2875%22:%91%93}&#8221;]<\/p>\n<h1 style=\"text-align: justify;\"><strong>Sm\u00fbk<\/strong> [pronounced <em>smoek<\/em>]<br \/>is a cozy feeling,<\/h1>\n<h1 style=\"text-align: justify;\">coziness, warmth, domesticity and being together.<\/h1>\n<p>[\/et_pb_text][\/et_pb_column][\/et_pb_row][\/et_pb_section][et_pb_section fb_built=&#8221;1&#8243; custom_padding_last_edited=&#8221;on|phone&#8221; admin_label=&#8221;Features&#8221; _builder_version=&#8221;4.27.4&#8243; _module_preset=&#8221;default&#8221; background_color=&#8221;rgba(210,206,194,0.16)&#8221; background_image=&#8221;https:\/\/smuk.nl\/wp-content\/uploads\/2021\/10\/weekendje-friesland-02-1003&#215;1024.png&#8221; background_size=&#8221;initial&#8221; background_position=&#8221;center_right&#8221; custom_padding=&#8221;150px|||||&#8221; custom_padding_tablet=&#8221;&#8221; custom_padding_phone=&#8221;0px||||false|false&#8221; global_colors_info=&#8221;{}&#8221;][et_pb_row column_structure=&#8221;1_2,1_2&#8243; _builder_version=&#8221;4.16&#8243; _module_preset=&#8221;default&#8221; global_colors_info=&#8221;{}&#8221;][et_pb_column type=&#8221;1_2&#8243; _builder_version=&#8221;4.16&#8243; _module_preset=&#8221;default&#8221; global_colors_info=&#8221;{}&#8221;][et_pb_text _builder_version=&#8221;4.16&#8243; _module_preset=&#8221;33d8ed47-9575-4183-ae48-b1d6c4145db4&#8243; header_2_font=&#8221;Finland Rounded||||||||&#8221; header_2_text_color=&#8221;#000000&#8243; header_2_font_size=&#8221;80px&#8221; z_index=&#8221;500&#8243; custom_margin=&#8221;-75px||||false|false&#8221; custom_margin_tablet=&#8221;0px||||false|false&#8221; custom_margin_phone=&#8221;0px||50px||false|false&#8221; custom_margin_last_edited=&#8221;on|tablet&#8221; custom_padding_tablet=&#8221;&#8221; custom_padding_phone=&#8221;0px||0px||false|false&#8221; custom_padding_last_edited=&#8221;on|phone&#8221; header_2_font_size_tablet=&#8221;30px&#8221; header_2_font_size_phone=&#8221;40px&#8221; header_2_font_size_last_edited=&#8221;on|phone&#8221; global_colors_info=&#8221;{%22gcid-7dd47f7c-8876-4bcb-be01-39e2a94f2875%22:%91%93}&#8221;]<\/p>\n<h2>How does Sm\u00fbk feel?<\/h2>\n<p>[\/et_pb_text][et_pb_image src=&#8221;https:\/\/smuk.nl\/wp-content\/uploads\/2021\/10\/Smuk-recreatie-nachtje-weg-6.jpg&#8221; title_text=&#8221;Smuk recreation night out (6)&#8221; _builder_version=&#8221;4.16&#8243; _module_preset=&#8221;default&#8221; custom_margin=&#8221;-81px|||||&#8221; global_colors_info=&#8221;{}&#8221;][\/et_pb_image][\/et_pb_column][et_pb_column type=&#8221;1_2&#8243; _builder_version=&#8221;4.16&#8243; _module_preset=&#8221;default&#8221; global_colors_info=&#8221;{}&#8221;][et_pb_text _builder_version=&#8221;4.16&#8243; _module_preset=&#8221;60257f16-a5af-4542-8569-0d881bd6f86a&#8221; text_font=&#8221;|500|||||||&#8221; text_text_color=&#8221;#000000&#8243; text_font_size=&#8221;16px&#8221; text_line_height=&#8221;2em&#8221; custom_margin=&#8221;||||false|false&#8221; custom_margin_tablet=&#8221;|||0%|false|false&#8221; custom_margin_phone=&#8221;&#8221; custom_margin_last_edited=&#8221;on|tablet&#8221; text_font_size_tablet=&#8221;18px&#8221; text_font_size_phone=&#8221;12px&#8221; text_font_size_last_edited=&#8221;on|tablet&#8221; locked=&#8221;off&#8221; global_colors_info=&#8221;{%22gcid-7dd47f7c-8876-4bcb-be01-39e2a94f2875%22:%91%93}&#8221;]<\/p>\n<p>Let&#8217;s talk about the name Sm\u00fbk Recreation. Because <strong>what does sm\u00fbk mean<\/strong>? The Frisians among us will know the word, yet the feeling of sm\u00fbk cannot be captured in one word, just like the farm. The same goes for the Danish word &#8220;hygge,&#8221; which can be compared to &#8220;coziness&#8221; and &#8220;snugness. <strong>Sm\u00fbk is the coziness<\/strong> of renting a hot tub by your tent and the <strong>coziness of having drinks<\/strong> on a boat. Baking pizza together in wood oven on pizza night and reading a book in the barn on an easy chair. It is being able to <strong>slow down<\/strong> and throw yourself into all kinds of restful tasks with attention. Time goes as fast as you want it to. <strong>Sm\u00fbk Recreation is the place to muddle around for hours.<\/strong><\/p>\n<p>Sm\u00fbk in summer is petting goats with wet combed hair and walking along the dike overlooking the village. In the winter, Sm\u00fbk is driving up and down with a cart full of wood, <strong>toheat up thehot tub<\/strong> and enjoy a good glass of red wine. Sm\u00fbk is finding yourself in <strong>the heart of Friesland<\/strong>, in the middle of the meadows and still being at home. The coziness of home yet right next to grazing cows. It&#8217;s brushing horses and collecting eggs. Toasting your own pizza by the wood-burning oven on pizza night.<strong> You can watch the sun rise and set<\/strong>, trudge across the countryside in your boots and snuggle up against each other on a boat.<\/p>\n<p>[\/et_pb_text][\/et_pb_column][\/et_pb_row][et_pb_row column_structure=&#8221;3_5,2_5&#8243; _builder_version=&#8221;4.16&#8243; _module_preset=&#8221;default&#8221; custom_margin=&#8221;0px|auto||auto|false|false&#8221; custom_padding=&#8221;||7px|||&#8221; global_colors_info=&#8221;{}&#8221;][et_pb_column type=&#8221;3_5&#8243; _builder_version=&#8221;4.16&#8243; _module_preset=&#8221;default&#8221; global_colors_info=&#8221;{}&#8221;][et_pb_text _builder_version=&#8221;4.27.2&#8243; _module_preset=&#8221;60257f16-a5af-4542-8569-0d881bd6f86a&#8221; text_font=&#8221;|500|||||||&#8221; text_text_color=&#8221;#000000&#8243; text_font_size=&#8221;16px&#8221; text_line_height=&#8221;2em&#8221; custom_margin=&#8221;||||false|false&#8221; custom_margin_tablet=&#8221;|||0%|false|false&#8221; custom_margin_phone=&#8221;&#8221; custom_margin_last_edited=&#8221;on|tablet&#8221; text_font_size_tablet=&#8221;18px&#8221; text_font_size_phone=&#8221;12px&#8221; text_font_size_last_edited=&#8221;on|tablet&#8221; locked=&#8221;off&#8221; global_colors_info=&#8221;{%22gcid-7dd47f7c-8876-4bcb-be01-39e2a94f2875%22:%91%93}&#8221;]<\/p>\n<p>When you walk into your<strong> beautifully styled Sm\u00fbk Bell, Sm\u00fbk Tiny, Sm\u00fbk Huske<\/strong> you immediately feel the warmth. You are equipped with all the comforts of home while surrounded by animals and greenery. Next to the Sm\u00fbk Huske, you will regularly see a pubescent goat bypassing the gates at the animal enclosure, only to loudly ask you to take it back to its enclosure.<strong> Sm\u00fbk is cooking a sumptuous dinner in the farmhouse kitchen, then eating it with your bare feet in the grass.<\/strong><\/p>\n<p>[\/et_pb_text][et_pb_button button_url=&#8221;@ET-DC@eyJkeW5hbWljIjp0cnVlLCJjb250ZW50IjoicG9zdF9saW5rX3VybF9wYWdlIiwic2V0dGluZ3MiOnsicG9zdF9pZCI6IjQwMyIsImVuYWJsZV9odG1sIjoib2ZmIn19@&#8221; button_text=&#8221;I want to take a break&#8221; _builder_version=&#8221;4.27.4&#8243; _dynamic_attributes=&#8221;button_url&#8221; _module_preset=&#8221;b9ae5379-ad3e-4160-945a-f2ee350dc5f5&#8243; custom_button=&#8221;on&#8221; button_text_size=&#8221;14px&#8221; button_text_color=&#8221;#FFFFFF&#8221; button_bg_color=&#8221;#8A8E75&#8243; button_border_width=&#8221;0px&#8221; button_border_radius=&#8221;0px&#8221; button_letter_spacing=&#8221;2px&#8221; button_font=&#8221;|600||on|||||&#8221; button_use_icon=&#8221;off&#8221; background_layout=&#8221;dark&#8221; custom_padding=&#8221;16px|30px|16px|30px|true|true&#8221; global_colors_info=&#8221;{}&#8221;][\/et_pb_button][\/et_pb_column][et_pb_column type=&#8221;2_5&#8243; _builder_version=&#8221;4.16&#8243; _module_preset=&#8221;default&#8221; global_colors_info=&#8221;{}&#8221;][et_pb_image src=&#8221;https:\/\/smuk.nl\/wp-content\/uploads\/2023\/11\/SMUK-icoontje-Wandelen-3.png&#8221; title_text=&#8221;SMUK icon-walking-3&#8243; align=&#8221;right&#8221; align_tablet=&#8221;&#8221; align_phone=&#8221;center&#8221; align_last_edited=&#8221;on|phone&#8221; disabled_on=&#8221;on|on|off&#8221; _builder_version=&#8221;4.23.1&#8243; _module_preset=&#8221;default&#8221; width=&#8221;80%&#8221; width_tablet=&#8221;&#8221; width_phone=&#8221;73%&#8221; width_last_edited=&#8221;on|phone&#8221; custom_margin=&#8221;|0px|||false|false&#8221; custom_padding=&#8221;|0px|||false|false&#8221; scroll_vertical_motion_enable=&#8221;on&#8221; scroll_vertical_motion=&#8221;15|93|93|100|4|0|-4&#8243; module_alignment_tablet=&#8221;&#8221; module_alignment_phone=&#8221;center&#8221; module_alignment_last_edited=&#8221;on|phone&#8221; sticky_position_tablet=&#8221;&#8221; sticky_position_phone=&#8221;&#8221; sticky_position_last_edited=&#8221;on|phone&#8221; scroll_vertical_motion_tablet=&#8221;&#8221; scroll_vertical_motion_phone=&#8221;&#8221; scroll_vertical_motion_last_edited=&#8221;on|phone&#8221; global_colors_info=&#8221;{}&#8221;][\/et_pb_image][\/et_pb_column][\/et_pb_row][\/et_pb_section]<\/p>\n","protected":false},"excerpt":{"rendered":"<p>Sm\u00fbk environmentBoth nature and animals are lovingly cared for on this farm. Everything from frogs to cows gets the peace and flowers room to flourish. Nature-friendly banks and clean ditches make Sm\u00fbk a fine home for small and large life. The banks where the boats are moored are dotted with native flowers and herb-rich grassland. [&hellip;]<\/p>\n","protected":false},"author":2,"featured_media":0,"parent":0,"menu_order":0,"comment_status":"closed","ping_status":"closed","template":"","meta":{"_acf_changed":false,"_et_pb_use_builder":"on","_et_pb_old_content":"","_et_gb_content_width":"","footnotes":""},"class_list":["post-3067","page","type-page","status-publish","hentry"],"acf":[],"_links":{"self":[{"href":"https:\/\/smuk.nl\/en\/wp-json\/wp\/v2\/pages\/3067","targetHints":{"allow":["GET"]}}],"collection":[{"href":"https:\/\/smuk.nl\/en\/wp-json\/wp\/v2\/pages"}],"about":[{"href":"https:\/\/smuk.nl\/en\/wp-json\/wp\/v2\/types\/page"}],"author":[{"embeddable":true,"href":"https:\/\/smuk.nl\/en\/wp-json\/wp\/v2\/users\/2"}],"replies":[{"embeddable":true,"href":"https:\/\/smuk.nl\/en\/wp-json\/wp\/v2\/comments?post=3067"}],"version-history":[{"count":3,"href":"https:\/\/smuk.nl\/en\/wp-json\/wp\/v2\/pages\/3067\/revisions"}],"predecessor-version":[{"id":4944,"href":"https:\/\/smuk.nl\/en\/wp-json\/wp\/v2\/pages\/3067\/revisions\/4944"}],"wp:attachment":[{"href":"https:\/\/smuk.nl\/en\/wp-json\/wp\/v2\/media?parent=3067"}],"curies":[{"name":"wp","href":"https:\/\/api.w.org\/{rel}","templated":true}]}}